{"id":1843,"date":"2025-09-18T15:08:56","date_gmt":"2025-09-18T13:08:56","guid":{"rendered":"https:\/\/el-obrador.com\/news\/"},"modified":"2025-09-18T15:08:56","modified_gmt":"2025-09-18T13:08:56","slug":"news","status":"publish","type":"page","link":"https:\/\/el-obrador.com\/en\/news\/","title":{"rendered":"News"},"content":{"rendered":"\t\t<div data-elementor-type=\"wp-page\" data-elementor-id=\"1843\" class=\"elementor elementor-1843 elementor-211\" data-elementor-post-type=\"page\">\n\t\t\t\t<div class=\"elementor-element elementor-element-6767eb7 e-con-full animated-slow e-flex elementor-invisible e-con e-parent\" data-id=\"6767eb7\" data-element_type=\"container\" data-e-type=\"container\" data-settings=\"{&quot;animation&quot;:&quot;fadeIn&quot;}\">\n\t\t<div class=\"elementor-element elementor-element-e1315c4 e-con-full e-flex e-con e-child\" data-id=\"e1315c4\" data-element_type=\"container\" data-e-type=\"container\">\n\t\t\t\t<div class=\"elementor-element elementor-element-adb32a5 elementor-widget elementor-widget-heading\" data-id=\"adb32a5\" data-element_type=\"widget\" data-e-type=\"widget\" data-widget_type=\"heading.default\">\n\t\t\t\t\t<h1 class=\"elementor-heading-title elementor-size-default\">what we do,<br> what we released,<br> what we think.<\/h1>\t\t\t\t<\/div>\n\t\t\t\t<\/div>\n\t\t<div class=\"elementor-element elementor-element-ad36cbc e-con-full e-flex e-con e-child\" data-id=\"ad36cbc\" data-element_type=\"container\" data-e-type=\"container\">\n\t\t\t\t<div class=\"elementor-element elementor-element-0590420 elementor-widget__width-initial elementor-widget elementor-widget-text-editor\" data-id=\"0590420\" data-element_type=\"widget\" data-e-type=\"widget\" data-widget_type=\"text-editor.default\">\n\t\t\t\t\t\t\t\t\t<p>This is the place where we share our daily activities, current projects, premieres, awards, collaborations, and the thoughts that move us.<\/p><p>We believe in the transparency of the creative process and the importance of telling not only the stories of the films themselves, but also what happens behind them.<\/p><p><em><strong>HERE YOU CAN FOLLOW CLOSELY<\/strong><\/em><\/p><ul><li><em>Filming in progress<\/em><\/li><li><em>Release dates and festivals<\/em><\/li><li><em>Open calls (residencies, mentorships, courses)<\/em><\/li><li><em>Articles on documentary film and communication<\/em><\/li><li><em>What&#8217;s new in Majordocs and Docthinks<\/em><\/li><li><em>News from our team<\/em><\/li><\/ul>\t\t\t\t\t\t\t\t<\/div>\n\t\t\t\t<\/div>\n\t\t\t\t<\/div>\n\t\t<div class=\"elementor-element elementor-element-002590e e-con-full animated-slow e-flex elementor-invisible e-con e-parent\" data-id=\"002590e\" data-element_type=\"container\" data-e-type=\"container\" data-settings=\"{&quot;background_background&quot;:&quot;classic&quot;,&quot;animation&quot;:&quot;fadeIn&quot;,&quot;animation_delay&quot;:1000,&quot;background_motion_fx_motion_fx_scrolling&quot;:&quot;yes&quot;,&quot;background_motion_fx_devices&quot;:[&quot;desktop&quot;,&quot;laptop&quot;,&quot;tablet&quot;,&quot;mobile&quot;]}\">\n\t\t\t\t<div class=\"elementor-element elementor-element-6b8b22d elementor-widget elementor-widget-jet-listing-grid\" data-id=\"6b8b22d\" data-element_type=\"widget\" data-e-type=\"widget\" data-settings=\"{&quot;columns&quot;:&quot;1&quot;}\" data-widget_type=\"jet-listing-grid.default\">\n\t\t\t\t\t<div class=\"jet-listing-grid jet-listing\"><div class=\"jet-listing-grid__items grid-col-desk-1 grid-col-tablet-1 grid-col-mobile-1 jet-listing-grid--720 grid-collapse-gap\" data-queried-id=\"1843|WP_Post\" data-nav=\"{&quot;enabled&quot;:true,&quot;type&quot;:&quot;scroll&quot;,&quot;more_el&quot;:null,&quot;query&quot;:{&quot;post_status&quot;:[&quot;publish&quot;],&quot;post_type&quot;:&quot;post&quot;,&quot;posts_per_page&quot;:&quot;6&quot;,&quot;paged&quot;:&quot;1&quot;,&quot;ignore_sticky_posts&quot;:&quot;1&quot;,&quot;suppress_filters&quot;:false,&quot;jet_smart_filters&quot;:&quot;jet-engine\\\/default&quot;,&quot;signature&quot;:&quot;715c4ae509af187c5aa27001f5b378b0e590141763b819593bbf29b084c43d6c&quot;},&quot;widget_settings&quot;:{&quot;lisitng_id&quot;:720,&quot;posts_num&quot;:6,&quot;columns&quot;:1,&quot;columns_tablet&quot;:1,&quot;columns_mobile&quot;:1,&quot;column_min_width&quot;:240,&quot;column_min_width_tablet&quot;:240,&quot;column_min_width_mobile&quot;:240,&quot;inline_columns_css&quot;:false,&quot;is_archive_template&quot;:&quot;&quot;,&quot;post_status&quot;:[&quot;publish&quot;],&quot;use_random_posts_num&quot;:&quot;&quot;,&quot;max_posts_num&quot;:9,&quot;not_found_message&quot;:&quot;No data was found&quot;,&quot;is_masonry&quot;:false,&quot;equal_columns_height&quot;:&quot;&quot;,&quot;use_load_more&quot;:&quot;yes&quot;,&quot;load_more_id&quot;:&quot;&quot;,&quot;load_more_type&quot;:&quot;scroll&quot;,&quot;load_more_offset&quot;:{&quot;unit&quot;:&quot;px&quot;,&quot;size&quot;:0,&quot;sizes&quot;:[]},&quot;use_custom_post_types&quot;:&quot;&quot;,&quot;custom_post_types&quot;:[],&quot;hide_widget_if&quot;:&quot;&quot;,&quot;carousel_enabled&quot;:&quot;&quot;,&quot;slides_to_scroll&quot;:&quot;1&quot;,&quot;arrows&quot;:&quot;true&quot;,&quot;arrow_icon&quot;:&quot;fa fa-angle-left&quot;,&quot;dots&quot;:&quot;&quot;,&quot;autoplay&quot;:&quot;true&quot;,&quot;pause_on_hover&quot;:&quot;true&quot;,&quot;autoplay_speed&quot;:5000,&quot;infinite&quot;:&quot;true&quot;,&quot;center_mode&quot;:&quot;&quot;,&quot;effect&quot;:&quot;slide&quot;,&quot;speed&quot;:500,&quot;inject_alternative_items&quot;:&quot;yes&quot;,&quot;injection_items&quot;:[{&quot;_id&quot;:&quot;43bd0ce&quot;,&quot;item&quot;:&quot;749&quot;}],&quot;scroll_slider_enabled&quot;:&quot;&quot;,&quot;scroll_slider_on&quot;:[&quot;desktop&quot;,&quot;tablet&quot;,&quot;mobile&quot;],&quot;custom_query&quot;:false,&quot;custom_query_id&quot;:&quot;&quot;,&quot;_element_id&quot;:&quot;&quot;,&quot;collapse_first_last_gap&quot;:&quot;true&quot;,&quot;list_tag_selection&quot;:&quot;&quot;,&quot;list_items_wrapper_tag&quot;:&quot;div&quot;,&quot;list_item_tag&quot;:&quot;div&quot;,&quot;empty_items_wrapper_tag&quot;:&quot;div&quot;}}\" data-page=\"1\" data-pages=\"2\" data-listing-source=\"posts\" data-listing-id=\"720\" data-query-id=\"\"><div class=\"jet-listing-grid__item jet-listing-dynamic-post-2487\" data-post-id=\"2487\"  ><style type=\"text\/css\">.jet-listing-dynamic-post-2487 .elementor-element.elementor-element-e829b2f:not(.elementor-motion-effects-element-type-background), .jet-listing-dynamic-post-2487 .elementor-element.elementor-element-e829b2f > .elementor-motion-effects-container > .elementor-motion-effects-layer{background-image:url(\"https:\/\/el-obrador.com\/wp-content\/uploads\/2026\/03\/Albeniz-Premios-Zona-Cine-Docu-Cortos-Koke-Perez-5725_loweb.jpg\");}<\/style>\t\t<div data-elementor-type=\"jet-listing-items\" data-elementor-id=\"720\" class=\"elementor elementor-720\" data-elementor-post-type=\"jet-engine\">\n\t\t\t\t<a class=\"elementor-element elementor-element-da1e0aa e-con-full thumb-news animated-fast e-flex elementor-invisible e-con e-parent\" data-id=\"da1e0aa\" data-element_type=\"container\" data-e-type=\"container\" data-settings=\"{&quot;background_background&quot;:&quot;classic&quot;,&quot;animation&quot;:&quot;fadeInUp&quot;}\" href=\"https:\/\/el-obrador.com\/en\/los-dias-azules-wins-two-biznagas-in-festival-de-cine-malaga\/\">\n\t\t<div class=\"elementor-element elementor-element-e829b2f e-con-full e-flex e-con e-child\" data-id=\"e829b2f\" data-element_type=\"container\" data-e-type=\"container\" data-settings=\"{&quot;background_background&quot;:&quot;classic&quot;}\">\n\t\t\t\t<\/div>\n\t\t<div class=\"elementor-element elementor-element-d546c0d e-con-full e-flex e-con e-child\" data-id=\"d546c0d\" data-element_type=\"container\" data-e-type=\"container\">\n\t\t\t\t<div class=\"elementor-element elementor-element-362ea59 elementor-widget elementor-widget-heading\" data-id=\"362ea59\" data-element_type=\"widget\" data-e-type=\"widget\" data-widget_type=\"heading.default\">\n\t\t\t\t\t<h2 class=\"elementor-heading-title elementor-size-default\">Los d\u00edas Azules wins two Biznagas in Festival de Cine de M\u00e1laga<\/h2>\t\t\t\t<\/div>\n\t\t\t\t<div class=\"elementor-element elementor-element-f6a88f3 elementor-widget elementor-widget-heading\" data-id=\"f6a88f3\" data-element_type=\"widget\" data-e-type=\"widget\" data-widget_type=\"heading.default\">\n\t\t\t\t\t<h6 class=\"elementor-heading-title elementor-size-default\">16 de March de 2026<\/h6>\t\t\t\t<\/div>\n\t\t\t\t<div class=\"elementor-element elementor-element-f379779 elementor-widget elementor-widget-jet-listing-dynamic-field\" data-id=\"f379779\" data-element_type=\"widget\" data-e-type=\"widget\" data-widget_type=\"jet-listing-dynamic-field.default\">\n\t\t\t\t\t<div class=\"jet-listing-dynamic-field__replacement-wrap\"><div class=\"jet-listing-dynamic-field__content\" >The premiere of Javier Garc\u00eda Ler\u00edn&#8217;s short film in M\u00e1laga brought two pleasant surprises. The film won awards in two categories: &#8211; Silver Biznaga for best short documentary film&#8211; Silver Biznaga for the audience award for best short documentary film At the ceremony we shared our joy with our colleagues from the documentary La Carn...<\/div><\/div>\t\t\t\t<\/div>\n\t\t\t\t<\/div>\n\t\t\t\t<\/a>\n\t\t\t\t<\/div>\n\t\t<\/div><div class=\"jet-listing-grid__item jet-listing-dynamic-post-2460 jet-listing-grid--749\" data-post-id=\"2460\"  ><style type=\"text\/css\">.jet-listing-dynamic-post-2460 .elementor-element.elementor-element-0445087:not(.elementor-motion-effects-element-type-background), .jet-listing-dynamic-post-2460 .elementor-element.elementor-element-0445087 > .elementor-motion-effects-container > .elementor-motion-effects-layer{background-image:url(\"https:\/\/el-obrador.com\/wp-content\/uploads\/2026\/03\/LOS-DIAS-AZULES-07_low.jpg\");}<\/style>\t\t<div data-elementor-type=\"jet-listing-items\" data-elementor-id=\"749\" class=\"elementor elementor-749\" data-elementor-post-type=\"jet-engine\">\n\t\t\t\t<a class=\"elementor-element elementor-element-ec968fb e-con-full thumb-news animated-fast e-flex elementor-invisible e-con e-parent\" data-id=\"ec968fb\" data-element_type=\"container\" data-e-type=\"container\" data-settings=\"{&quot;background_background&quot;:&quot;classic&quot;,&quot;animation&quot;:&quot;fadeInUp&quot;}\" href=\"https:\/\/el-obrador.com\/en\/we-premiered-los-dias-azules-at-the-malaga-festival\/\">\n\t\t<div class=\"elementor-element elementor-element-d1a47c7 e-con-full e-flex e-con e-child\" data-id=\"d1a47c7\" data-element_type=\"container\" data-e-type=\"container\">\n\t\t\t\t<div class=\"elementor-element elementor-element-9d6a209 elementor-widget elementor-widget-heading\" data-id=\"9d6a209\" data-element_type=\"widget\" data-e-type=\"widget\" data-widget_type=\"heading.default\">\n\t\t\t\t\t<h2 class=\"elementor-heading-title elementor-size-default\">We premiered Los D\u00edas Azules at the Malaga Film Festival<\/h2>\t\t\t\t<\/div>\n\t\t\t\t<div class=\"elementor-element elementor-element-a7dfa7d elementor-widget elementor-widget-heading\" data-id=\"a7dfa7d\" data-element_type=\"widget\" data-e-type=\"widget\" data-widget_type=\"heading.default\">\n\t\t\t\t\t<h6 class=\"elementor-heading-title elementor-size-default\">11 de March de 2026<\/h6>\t\t\t\t<\/div>\n\t\t\t\t<div class=\"elementor-element elementor-element-4ec9c0e elementor-widget elementor-widget-jet-listing-dynamic-field\" data-id=\"4ec9c0e\" data-element_type=\"widget\" data-e-type=\"widget\" data-widget_type=\"jet-listing-dynamic-field.default\">\n\t\t\t\t\t<div class=\"jet-listing-dynamic-field__replacement-wrap\"><div class=\"jet-listing-dynamic-field__content\" >Yesterday, Tuesday, March 10th, we premiered Los d\u00edas Azules in the Official Section of Documentary Short Films at the Malaga Film Festival.The short film was presented in a packed room with director Javier Garcia Ler\u00edn, his family, and producer Jaime Muguruza in attendance.Thank you so much to everyone who came to share this special moment...<\/div><\/div>\t\t\t\t<\/div>\n\t\t\t\t<\/div>\n\t\t<div class=\"elementor-element elementor-element-0445087 e-con-full e-flex e-con e-child\" data-id=\"0445087\" data-element_type=\"container\" data-e-type=\"container\" data-settings=\"{&quot;background_background&quot;:&quot;classic&quot;}\">\n\t\t\t\t<\/div>\n\t\t\t\t<\/a>\n\t\t\t\t<\/div>\n\t\t<\/div><div class=\"jet-listing-grid__item jet-listing-dynamic-post-2418\" data-post-id=\"2418\"  ><style type=\"text\/css\">.jet-listing-dynamic-post-2418 .elementor-element.elementor-element-e829b2f:not(.elementor-motion-effects-element-type-background), .jet-listing-dynamic-post-2418 .elementor-element.elementor-element-e829b2f > .elementor-motion-effects-container > .elementor-motion-effects-layer{background-image:url(\"https:\/\/el-obrador.com\/wp-content\/uploads\/2025\/07\/Los-dias-azules.jpg\");}<\/style>\t\t<div data-elementor-type=\"jet-listing-items\" data-elementor-id=\"720\" class=\"elementor elementor-720\" data-elementor-post-type=\"jet-engine\">\n\t\t\t\t<a class=\"elementor-element elementor-element-da1e0aa e-con-full thumb-news animated-fast e-flex elementor-invisible e-con e-parent\" data-id=\"da1e0aa\" data-element_type=\"container\" data-e-type=\"container\" data-settings=\"{&quot;background_background&quot;:&quot;classic&quot;,&quot;animation&quot;:&quot;fadeInUp&quot;}\" href=\"https:\/\/el-obrador.com\/en\/were-going-to-the-malaga-festival-with-los-dias-azules\/\">\n\t\t<div class=\"elementor-element elementor-element-e829b2f e-con-full e-flex e-con e-child\" data-id=\"e829b2f\" data-element_type=\"container\" data-e-type=\"container\" data-settings=\"{&quot;background_background&quot;:&quot;classic&quot;}\">\n\t\t\t\t<\/div>\n\t\t<div class=\"elementor-element elementor-element-d546c0d e-con-full e-flex e-con e-child\" data-id=\"d546c0d\" data-element_type=\"container\" data-e-type=\"container\">\n\t\t\t\t<div class=\"elementor-element elementor-element-362ea59 elementor-widget elementor-widget-heading\" data-id=\"362ea59\" data-element_type=\"widget\" data-e-type=\"widget\" data-widget_type=\"heading.default\">\n\t\t\t\t\t<h2 class=\"elementor-heading-title elementor-size-default\">We&#8217;re going to the Malaga Film Festival with Los d\u00edas azules<\/h2>\t\t\t\t<\/div>\n\t\t\t\t<div class=\"elementor-element elementor-element-f6a88f3 elementor-widget elementor-widget-heading\" data-id=\"f6a88f3\" data-element_type=\"widget\" data-e-type=\"widget\" data-widget_type=\"heading.default\">\n\t\t\t\t\t<h6 class=\"elementor-heading-title elementor-size-default\">13 de February de 2026<\/h6>\t\t\t\t<\/div>\n\t\t\t\t<div class=\"elementor-element elementor-element-f379779 elementor-widget elementor-widget-jet-listing-dynamic-field\" data-id=\"f379779\" data-element_type=\"widget\" data-e-type=\"widget\" data-widget_type=\"jet-listing-dynamic-field.default\">\n\t\t\t\t\t<div class=\"jet-listing-dynamic-field__replacement-wrap\"><div class=\"jet-listing-dynamic-field__content\" >We are very excited to announce that the world premiere of the short film Los d\u00edas azules by Javier Garc\u00eda Ler\u00edn will take place at the Malaga Film Festival in the Official Documentary Short Film Section . The screening will take place on March 10th at 6:30 pm at the M\u00aa Victoria Atencia Cultural Center....<\/div><\/div>\t\t\t\t<\/div>\n\t\t\t\t<\/div>\n\t\t\t\t<\/a>\n\t\t\t\t<\/div>\n\t\t<\/div><div class=\"jet-listing-grid__item jet-listing-dynamic-post-2380 jet-listing-grid--749\" data-post-id=\"2380\"  ><style type=\"text\/css\">.jet-listing-dynamic-post-2380 .elementor-element.elementor-element-0445087:not(.elementor-motion-effects-element-type-background), .jet-listing-dynamic-post-2380 .elementor-element.elementor-element-0445087 > .elementor-motion-effects-container > .elementor-motion-effects-layer{background-image:url(\"https:\/\/el-obrador.com\/wp-content\/uploads\/2025\/10\/PXL_20240506_131735881.MP-EDIT-e1761577997398.jpg\");}<\/style>\t\t<div data-elementor-type=\"jet-listing-items\" data-elementor-id=\"749\" class=\"elementor elementor-749\" data-elementor-post-type=\"jet-engine\">\n\t\t\t\t<a class=\"elementor-element elementor-element-ec968fb e-con-full thumb-news animated-fast e-flex elementor-invisible e-con e-parent\" data-id=\"ec968fb\" data-element_type=\"container\" data-e-type=\"container\" data-settings=\"{&quot;background_background&quot;:&quot;classic&quot;,&quot;animation&quot;:&quot;fadeInUp&quot;}\" href=\"https:\/\/el-obrador.com\/en\/sustainable-filming-2\/\">\n\t\t<div class=\"elementor-element elementor-element-d1a47c7 e-con-full e-flex e-con e-child\" data-id=\"d1a47c7\" data-element_type=\"container\" data-e-type=\"container\">\n\t\t\t\t<div class=\"elementor-element elementor-element-9d6a209 elementor-widget elementor-widget-heading\" data-id=\"9d6a209\" data-element_type=\"widget\" data-e-type=\"widget\" data-widget_type=\"heading.default\">\n\t\t\t\t\t<h2 class=\"elementor-heading-title elementor-size-default\">Sustainable filming<\/h2>\t\t\t\t<\/div>\n\t\t\t\t<div class=\"elementor-element elementor-element-a7dfa7d elementor-widget elementor-widget-heading\" data-id=\"a7dfa7d\" data-element_type=\"widget\" data-e-type=\"widget\" data-widget_type=\"heading.default\">\n\t\t\t\t\t<h6 class=\"elementor-heading-title elementor-size-default\">19 de January de 2026<\/h6>\t\t\t\t<\/div>\n\t\t\t\t<div class=\"elementor-element elementor-element-4ec9c0e elementor-widget elementor-widget-jet-listing-dynamic-field\" data-id=\"4ec9c0e\" data-element_type=\"widget\" data-e-type=\"widget\" data-widget_type=\"jet-listing-dynamic-field.default\">\n\t\t\t\t\t<div class=\"jet-listing-dynamic-field__replacement-wrap\"><div class=\"jet-listing-dynamic-field__content\" >The program &#8220;Docthinks&#8221; has been awarded a grant to reduce food and beverage waste during its filming in Mallorca. Thanks to this support, specific measures have been implemented, such as eliminating single-use utensils and containers , introducing reusable systems , and selecting local and seasonal (km 0) foods , thus promoting a more sustainable diet...<\/div><\/div>\t\t\t\t<\/div>\n\t\t\t\t<\/div>\n\t\t<div class=\"elementor-element elementor-element-0445087 e-con-full e-flex e-con e-child\" data-id=\"0445087\" data-element_type=\"container\" data-e-type=\"container\" data-settings=\"{&quot;background_background&quot;:&quot;classic&quot;}\">\n\t\t\t\t<\/div>\n\t\t\t\t<\/a>\n\t\t\t\t<\/div>\n\t\t<\/div><div class=\"jet-listing-grid__item jet-listing-dynamic-post-2343\" data-post-id=\"2343\"  ><style type=\"text\/css\">.jet-listing-dynamic-post-2343 .elementor-element.elementor-element-e829b2f:not(.elementor-motion-effects-element-type-background), .jet-listing-dynamic-post-2343 .elementor-element.elementor-element-e829b2f > .elementor-motion-effects-container > .elementor-motion-effects-layer{background-image:url(\"https:\/\/el-obrador.com\/wp-content\/uploads\/2026\/01\/CUIDAM_COLOR_UHD_20s_20251222.00_00_17_09.Still001.jpg\");}<\/style>\t\t<div data-elementor-type=\"jet-listing-items\" data-elementor-id=\"720\" class=\"elementor elementor-720\" data-elementor-post-type=\"jet-engine\">\n\t\t\t\t<a class=\"elementor-element elementor-element-da1e0aa e-con-full thumb-news animated-fast e-flex elementor-invisible e-con e-parent\" data-id=\"da1e0aa\" data-element_type=\"container\" data-e-type=\"container\" data-settings=\"{&quot;background_background&quot;:&quot;classic&quot;,&quot;animation&quot;:&quot;fadeInUp&quot;}\" href=\"https:\/\/el-obrador.com\/en\/cuidam-el-nuevo-spot-de-la-fundacio-turisme-responsable-de-mallorca\/\">\n\t\t<div class=\"elementor-element elementor-element-e829b2f e-con-full e-flex e-con e-child\" data-id=\"e829b2f\" data-element_type=\"container\" data-e-type=\"container\" data-settings=\"{&quot;background_background&quot;:&quot;classic&quot;}\">\n\t\t\t\t<\/div>\n\t\t<div class=\"elementor-element elementor-element-d546c0d e-con-full e-flex e-con e-child\" data-id=\"d546c0d\" data-element_type=\"container\" data-e-type=\"container\">\n\t\t\t\t<div class=\"elementor-element elementor-element-362ea59 elementor-widget elementor-widget-heading\" data-id=\"362ea59\" data-element_type=\"widget\" data-e-type=\"widget\" data-widget_type=\"heading.default\">\n\t\t\t\t\t<h2 class=\"elementor-heading-title elementor-size-default\">CUIDA&#8217;M, THE NEW SPOT FOR FUNDACI\u00d3 TURISME RESPONSABLE DE MALLORCA<\/h2>\t\t\t\t<\/div>\n\t\t\t\t<div class=\"elementor-element elementor-element-f6a88f3 elementor-widget elementor-widget-heading\" data-id=\"f6a88f3\" data-element_type=\"widget\" data-e-type=\"widget\" data-widget_type=\"heading.default\">\n\t\t\t\t\t<h6 class=\"elementor-heading-title elementor-size-default\">8 de January de 2026<\/h6>\t\t\t\t<\/div>\n\t\t\t\t<div class=\"elementor-element elementor-element-f379779 elementor-widget elementor-widget-jet-listing-dynamic-field\" data-id=\"f379779\" data-element_type=\"widget\" data-e-type=\"widget\" data-widget_type=\"jet-listing-dynamic-field.default\">\n\t\t\t\t\t<div class=\"jet-listing-dynamic-field__replacement-wrap\"><div class=\"jet-listing-dynamic-field__content\" >This Christmas, the commercial we made for the Fundaci\u00f3 Mallorca Turisme Responsable was released. With music by Jaume Anglada, we tell this story to share something that matters to us: the value of living together, of respecting, of protecting the island we all love.<\/div><\/div>\t\t\t\t<\/div>\n\t\t\t\t<\/div>\n\t\t\t\t<\/a>\n\t\t\t\t<\/div>\n\t\t<\/div><div class=\"jet-listing-grid__item jet-listing-dynamic-post-2286 jet-listing-grid--749\" data-post-id=\"2286\"  ><style type=\"text\/css\">.jet-listing-dynamic-post-2286 .elementor-element.elementor-element-0445087:not(.elementor-motion-effects-element-type-background), .jet-listing-dynamic-post-2286 .elementor-element.elementor-element-0445087 > .elementor-motion-effects-container > .elementor-motion-effects-layer{background-image:url(\"https:\/\/el-obrador.com\/wp-content\/uploads\/2025\/11\/IMG_1557-e1762185346224.jpg\");}<\/style>\t\t<div data-elementor-type=\"jet-listing-items\" data-elementor-id=\"749\" class=\"elementor elementor-749\" data-elementor-post-type=\"jet-engine\">\n\t\t\t\t<a class=\"elementor-element elementor-element-ec968fb e-con-full thumb-news animated-fast e-flex elementor-invisible e-con e-parent\" data-id=\"ec968fb\" data-element_type=\"container\" data-e-type=\"container\" data-settings=\"{&quot;background_background&quot;:&quot;classic&quot;,&quot;animation&quot;:&quot;fadeInUp&quot;}\" href=\"https:\/\/el-obrador.com\/en\/paper-refuges-wins-best-balearic-documentary-at-the-emif\/\">\n\t\t<div class=\"elementor-element elementor-element-d1a47c7 e-con-full e-flex e-con e-child\" data-id=\"d1a47c7\" data-element_type=\"container\" data-e-type=\"container\">\n\t\t\t\t<div class=\"elementor-element elementor-element-9d6a209 elementor-widget elementor-widget-heading\" data-id=\"9d6a209\" data-element_type=\"widget\" data-e-type=\"widget\" data-widget_type=\"heading.default\">\n\t\t\t\t\t<h2 class=\"elementor-heading-title elementor-size-default\">PAPER SHELTERS WINS BEST BALEARIC DOCUMENTARY AT THE EMIFF<\/h2>\t\t\t\t<\/div>\n\t\t\t\t<div class=\"elementor-element elementor-element-a7dfa7d elementor-widget elementor-widget-heading\" data-id=\"a7dfa7d\" data-element_type=\"widget\" data-e-type=\"widget\" data-widget_type=\"heading.default\">\n\t\t\t\t\t<h6 class=\"elementor-heading-title elementor-size-default\">3 de November de 2025<\/h6>\t\t\t\t<\/div>\n\t\t\t\t<div class=\"elementor-element elementor-element-4ec9c0e elementor-widget elementor-widget-jet-listing-dynamic-field\" data-id=\"4ec9c0e\" data-element_type=\"widget\" data-e-type=\"widget\" data-widget_type=\"jet-listing-dynamic-field.default\">\n\t\t\t\t\t<div class=\"jet-listing-dynamic-field__replacement-wrap\"><div class=\"jet-listing-dynamic-field__content\" >Paper Shelters wins the award for best documentary film at the Evolution International Film Fest 2025. We thank the festival for giving visibility to and believing in risky, creative documentaries that offer different perspectives, open minds and books.<\/div><\/div>\t\t\t\t<\/div>\n\t\t\t\t<\/div>\n\t\t<div class=\"elementor-element elementor-element-0445087 e-con-full e-flex e-con e-child\" data-id=\"0445087\" data-element_type=\"container\" data-e-type=\"container\" data-settings=\"{&quot;background_background&quot;:&quot;classic&quot;}\">\n\t\t\t\t<\/div>\n\t\t\t\t<\/a>\n\t\t\t\t<\/div>\n\t\t<\/div><\/div><\/div>\t\t\t\t<\/div>\n\t\t\t\t<\/div>\n\t\t\t\t<\/div>\n\t\t","protected":false},"excerpt":{"rendered":"<p>what we do, what we released, what we think. This is the place where we share our daily activities, current projects, premieres, awards, collaborations, and the thoughts that move us. We believe in the transparency of the creative process and the importance of telling not only the stories of the films themselves, but also what [&hellip;]<\/p>\n","protected":false},"author":22,"featured_media":0,"parent":0,"menu_order":14,"comment_status":"closed","ping_status":"closed","template":"","meta":{"footnotes":""},"class_list":["post-1843","page","type-page","status-publish","hentry"],"_links":{"self":[{"href":"https:\/\/el-obrador.com\/en\/wp-json\/wp\/v2\/pages\/1843","targetHints":{"allow":["GET"]}}],"collection":[{"href":"https:\/\/el-obrador.com\/en\/wp-json\/wp\/v2\/pages"}],"about":[{"href":"https:\/\/el-obrador.com\/en\/wp-json\/wp\/v2\/types\/page"}],"author":[{"embeddable":true,"href":"https:\/\/el-obrador.com\/en\/wp-json\/wp\/v2\/users\/22"}],"replies":[{"embeddable":true,"href":"https:\/\/el-obrador.com\/en\/wp-json\/wp\/v2\/comments?post=1843"}],"version-history":[{"count":0,"href":"https:\/\/el-obrador.com\/en\/wp-json\/wp\/v2\/pages\/1843\/revisions"}],"wp:attachment":[{"href":"https:\/\/el-obrador.com\/en\/wp-json\/wp\/v2\/media?parent=1843"}],"curies":[{"name":"wp","href":"https:\/\/api.w.org\/{rel}","templated":true}]}}