{"id":2363,"date":"2026-01-08T14:41:58","date_gmt":"2026-01-08T12:41:58","guid":{"rendered":"https:\/\/el-obrador.com\/privadesa\/"},"modified":"2026-01-08T14:41:58","modified_gmt":"2026-01-08T12:41:58","slug":"privadesa","status":"publish","type":"page","link":"https:\/\/el-obrador.com\/ca\/privadesa\/","title":{"rendered":"Privadesa"},"content":{"rendered":"\n<h2 class=\"wp-block-heading\"><a><\/a><strong>TITULARITAT<\/strong><\/h2>\n\n<p><strong>RA\u00d3 SOCIAL:<\/strong> <em>Miguel Eek Quesada<\/em><\/p>\n\n<p><strong>CIF:<\/strong> <em>43157092F<\/em><\/p>\n\n<p><strong>DOMICILI SOCIAL:<\/strong> <em>Carrer Sant Joaquim 11, 4t, 07003, Palma<\/em><\/p>\n\n<p><strong>MAIL:<\/strong> <em>info@el-obrador.com<\/em><\/p>\n\n<p>Ens reservem la facultat de modificar aquesta Pol\u00edtica de Privadesa per adaptar-la a les novetats legislatives, jurisprudencials o d&#8217;interpretaci\u00f3 de l&#8217;Ag\u00e8ncia Espanyola de Protecci\u00f3 de Dades. En aquest cas, s&#8217;anunciaran aquests canvis, indicant clarament i amb la deguda antelaci\u00f3 les modificacions efectuades, i sol\u00b7licitant, en cas que sigui necessari, l&#8217;acceptaci\u00f3 dels canvis esmentats. <\/p>\n\n<h2 class=\"wp-block-heading\"><a><\/a><strong>QUIN TIPUS DE DADES UTILITZAREM?<\/strong><\/h2>\n\n<ul class=\"wp-block-list\">\n<li>Nom i cognoms<\/li>\n\n\n\n<li>Email<\/li>\n\n\n\n<li>Tel\u00e8fon de contacte<\/li>\n<\/ul>\n\n<h2 class=\"wp-block-heading\">\u00a0<\/h2>\n\n<h2 class=\"wp-block-heading\"><a><\/a><strong>AMB QUINES FINALITATS UTILITZAREM LES TEVES DADES?<\/strong><\/h2>\n\n<ul class=\"wp-block-list\">\n<li>Per a la tramitaci\u00f3 i gesti\u00f3 de la teva alta com a usuari registrat a la web amb la finalitat de prestar-te els serveis a trav\u00e9s de la web.<\/li>\n\n\n\n<li>Para atender las consultas de los Usuarios que se pongan en contacto con nosotros a trav\u00e9s de los formularios de Contacto o Formularios habilitados para ello.<\/li>\n\n\n\n<li>En remetre&#8217;ns el vostre CV per a processos de selecci\u00f3 de personal.<\/li>\n\n\n\n<li>Per realitzar de forma autom\u00e0tica l&#8217;elaboraci\u00f3 del seu perfil comercial i presa de decisions, basades en la informaci\u00f3 que posse\u00efm sobre tu, a fi de fer que els serveis i\/o productes que se t&#8217;ofereixin estiguin adaptats als teus interessos.<\/li>\n\n\n\n<li>No es prendran decisions automatitzades en base a aquest perfil que produeixin efectes jur\u00eddics o significatius per a tu.<\/li>\n\n\n\n<li>Per a la gesti\u00f3 fiscal, comptable i administrativa per tal de poder gestionar el servei que sol\u00b7licites i les obligacions legals corresponents que pel servei prestat donen lloc.  <\/li>\n\n\n\n<li>Per a l&#8217;enviament de comunicacions comercials publicit\u00e0ries relacionades amb els productes o serveis oferts per correu electr\u00f2nic, fax, SMS, MMS, comunitats socials o un altre mitj\u00e0 electr\u00f2nic o f\u00edsic.<\/li>\n<\/ul>\n\n<h2 class=\"wp-block-heading\"><a><\/a><strong>QUINES S\u00d3N LES BASES LEG\u00cdTIMES PER AL TRACTAMENT?<\/strong><\/h2>\n\n<p>Quan la base del tractament sigui el consentiment, sol\u00b7licitarem l&#8217;acceptaci\u00f3 com a base leg\u00edtima per utilitzar les vostres dades. Tenint en compte que podr\u00e0s revocar-ho en qualsevol moment enviant-nos un missatge a <em>info@el-obrador.com<\/em> <\/p>\n\n<p>Tamb\u00e9 farem servir les teves dades personals per donar compliment a obligacions comptables, fiscals i administratives derivades de l&#8217;acord de prestaci\u00f3 de serveis que tenim amb tu.  <\/p>\n\n<p>Tamb\u00e9 podem tractar les teves dades personals degut a un inter\u00e8s leg\u00edtim, pel que fa a l&#8217;enviament de comunicacions comercials personalitzades o newsletters, tant per mitjans ordinaris com electr\u00f2nics, relatives als nostres productes i serveis.<\/p>\n\n<h2 class=\"wp-block-heading\"><a><\/a><strong>QUANT TEMPS CONSERVAREM LES TEVES DADES?<\/strong><\/h2>\n\n<p>Mantindrem les teves dades als nostres sistemes d&#8217;informaci\u00f3 mentre siguin necess\u00e0ries, continu\u00efs la teva relaci\u00f3 com a client i per donar compliment a obligacions legals.<\/p>\n\n<h2 class=\"wp-block-heading\">\u00a0<\/h2>\n\n<h2 class=\"wp-block-heading\"><a><\/a><strong>QUIN TIPUS DE DADES UTILITZEM?<\/strong><\/h2>\n\n<p>Les teves dades no se cediran a tercers excepte en els casos en qu\u00e8 hi hagi una obligaci\u00f3 legal, ens autoritzis expressament per fer-ho i\/o quan sigui necessari per complir amb el contracte acordat amb tu per prestar-te els nostres serveis.<\/p>\n\n<p>Per poder gestionar els serveis i\/o productes que ens demanis, en alguns casos, caldr\u00e0 cedir les teves dades a empreses del mateix grup i\/o prestadors de serveis, amb fins administratius, emmagatzematge o per donar suport a la comunicaci\u00f3.<\/p>\n\n<p>No estan previstes les transfer\u00e8ncies de dades fora de la Uni\u00f3 Europea, excepte en els casos que ens autoritzis expressament per gestionar el servei que oferim.<\/p>\n\n<h2 class=\"wp-block-heading\">\u00a0<\/h2>\n\n<h2 class=\"wp-block-heading\"><a><\/a><strong>COM POTS EXERCIR ELS TEUS DRETS?<\/strong><\/h2>\n\n<p>Pots exercir els teus drets d&#8217;acc\u00e9s, rectificaci\u00f3, oposici\u00f3 i supressi\u00f3 de les seves dades, aix\u00ed com sol\u00b7licitar-ne la limitaci\u00f3 i la portabilitat al seg\u00fcent <em>info@el-obrador.com<\/em><\/p>\n\n<p>En els casos seg\u00fcents:<\/p>\n\n<ul class=\"wp-block-list\">\n<li>Per rectificar les dades inexactes o, si escau, sol\u00b7licitar-ne la supressi\u00f3 (dret a l&#8217;oblit) quan, per exemple, n&#8217;hagis retirat el consentiment. En aquest cas, nom\u00e9s els conservarem per a l&#8217;exercici o la defensa de reclamacions. <\/li>\n\n\n\n<li>Per sol\u00b7licitar la limitaci\u00f3 del tractament de les teves dades quan, per exemple, les dades ja no siguin necess\u00e0ries per a les finalitats recollides.<\/li>\n\n\n\n<li>Per sol\u00b7licitar la portabilitat de les teves dades en un format automatitzat que en permeti la c\u00f2pia, el trasllat i la transmissi\u00f3, quan el tractament s&#8217;efectu\u00ef per mitjans automatitzats.<\/li>\n\n\n\n<li>A m\u00e9s, podr\u00e0s reclamar davant l&#8217;Autoritat de Control (Ag\u00e8ncia Espanyola de Protecci\u00f3 de Dades www.agpd.es)<\/li>\n<\/ul>\n\n<h2 class=\"wp-block-heading\"><strong> <\/strong><\/h2>\n\n<h2 class=\"wp-block-heading\"><a><\/a><strong>QUIN TIPUS DE DADES S\u00d3N PRESCINDIBLES?<\/strong><\/h2>\n\n<p>Es comunicar\u00e0 el car\u00e0cter no obligatori als formularis que hi hagi a la web, pel que fa a la recollida d&#8217;algunes dades, excepte als camps que s&#8217;indiqui el contrari mitjan\u00e7ant un (*). La no-ompliment de les dades esmentades pot impedir prestar tots aquells serveis vinculats a aquestes dades, alliberant-nos de tota responsabilitat per la no prestaci\u00f3 o prestaci\u00f3 incompleta d&#8217;aquests serveis. <\/p>\n","protected":false},"excerpt":{"rendered":"<p>TITULARITAT RA\u00d3 SOCIAL: Miguel Eek Quesada CIF: 43157092F DOMICILI SOCIAL: Carrer Sant Joaquim 11, 4t, 07003, Palma MAIL: info@el-obrador.com Ens reservem la facultat de modificar aquesta Pol\u00edtica de Privadesa per adaptar-la a les novetats legislatives, jurisprudencials o d&#8217;interpretaci\u00f3 de l&#8217;Ag\u00e8ncia Espanyola de Protecci\u00f3 de Dades. En aquest cas, s&#8217;anunciaran aquests canvis, indicant clarament i amb [&hellip;]<\/p>\n","protected":false},"author":22,"featured_media":0,"parent":0,"menu_order":-2,"comment_status":"closed","ping_status":"closed","template":"","meta":{"footnotes":""},"class_list":["post-2363","page","type-page","status-publish","hentry"],"_links":{"self":[{"href":"https:\/\/el-obrador.com\/ca\/wp-json\/wp\/v2\/pages\/2363","targetHints":{"allow":["GET"]}}],"collection":[{"href":"https:\/\/el-obrador.com\/ca\/wp-json\/wp\/v2\/pages"}],"about":[{"href":"https:\/\/el-obrador.com\/ca\/wp-json\/wp\/v2\/types\/page"}],"author":[{"embeddable":true,"href":"https:\/\/el-obrador.com\/ca\/wp-json\/wp\/v2\/users\/22"}],"replies":[{"embeddable":true,"href":"https:\/\/el-obrador.com\/ca\/wp-json\/wp\/v2\/comments?post=2363"}],"version-history":[{"count":0,"href":"https:\/\/el-obrador.com\/ca\/wp-json\/wp\/v2\/pages\/2363\/revisions"}],"wp:attachment":[{"href":"https:\/\/el-obrador.com\/ca\/wp-json\/wp\/v2\/media?parent=2363"}],"curies":[{"name":"wp","href":"https:\/\/api.w.org\/{rel}","templated":true}]}}