{"id":2140,"date":"2025-09-18T23:10:28","date_gmt":"2025-09-18T21:10:28","guid":{"rendered":"https:\/\/el-obrador.com\/inici\/"},"modified":"2025-09-18T23:10:28","modified_gmt":"2025-09-18T21:10:28","slug":"inici","status":"publish","type":"page","link":"https:\/\/el-obrador.com\/ca\/","title":{"rendered":"Inici"},"content":{"rendered":"\t\t<div data-elementor-type=\"wp-page\" data-elementor-id=\"2140\" class=\"elementor elementor-2140 elementor-2\" data-elementor-post-type=\"page\">\n\t\t\t\t<div class=\"elementor-element elementor-element-8847e3d e-flex e-con-boxed e-con e-parent\" data-id=\"8847e3d\" data-element_type=\"container\" data-e-type=\"container\" data-settings=\"{&quot;background_background&quot;:&quot;video&quot;,&quot;background_video_link&quot;:&quot;https:\\\/\\\/el-obrador.com\\\/wp-content\\\/uploads\\\/2025\\\/09\\\/REEL-OBRADOR-7VF-CLEAN-NO-SOUND.mp4&quot;,&quot;background_play_on_mobile&quot;:&quot;yes&quot;}\">\n\t\t\t\t\t<div class=\"e-con-inner\">\n\t\t<div class=\"elementor-background-video-container\">\n\t\t\t\t\t\t\t<video class=\"elementor-background-video-hosted\" role=\"presentation\" autoplay muted playsinline loop><\/video>\n\t\t\t\t\t<\/div>\t\t<div class=\"elementor-element elementor-element-da55d92 elementor-absolute elementor-widget elementor-widget-image\" data-id=\"da55d92\" data-element_type=\"widget\" data-e-type=\"widget\" data-settings=\"{&quot;_position&quot;:&quot;absolute&quot;}\" data-widget_type=\"image.default\">\n\t\t\t\t\t\t\t\t\t\t\t\t\t\t\t\t<a href=\"#news\">\n\t\t\t\t\t\t\t<img decoding=\"async\" width=\"31\" height=\"16\" src=\"https:\/\/el-obrador.com\/wp-content\/uploads\/2025\/07\/down.svg\" class=\"attachment-large size-large wp-image-1992\" alt=\"\" \/>\t\t\t\t\t\t\t\t<\/a>\n\t\t\t\t\t\t\t\t\t\t\t\t\t\t\t<\/div>\n\t\t\t\t\t<\/div>\n\t\t\t\t<\/div>\n\t\t<div class=\"elementor-element elementor-element-962aa74 e-con-full animated-slow e-flex elementor-invisible e-con e-parent\" data-id=\"962aa74\" data-element_type=\"container\" data-e-type=\"container\" id=\"news\" data-settings=\"{&quot;background_background&quot;:&quot;classic&quot;,&quot;animation&quot;:&quot;fadeIn&quot;,&quot;animation_delay&quot;:1000,&quot;background_motion_fx_motion_fx_scrolling&quot;:&quot;yes&quot;,&quot;background_motion_fx_devices&quot;:[&quot;desktop&quot;,&quot;laptop&quot;,&quot;tablet&quot;,&quot;mobile&quot;]}\">\n\t\t\t\t<div class=\"elementor-element elementor-element-f05504c elementor-widget__width-inherit elementor-widget elementor-widget-heading\" data-id=\"f05504c\" data-element_type=\"widget\" data-e-type=\"widget\" data-widget_type=\"heading.default\">\n\t\t\t\t\t<h1 class=\"elementor-heading-title elementor-size-default\">\u00daltimes not\u00edcies<\/h1>\t\t\t\t<\/div>\n\t\t\t\t<div class=\"elementor-element elementor-element-dca2202 elementor-widget elementor-widget-jet-listing-grid\" data-id=\"dca2202\" data-element_type=\"widget\" data-e-type=\"widget\" data-settings=\"{&quot;columns&quot;:&quot;1&quot;}\" data-widget_type=\"jet-listing-grid.default\">\n\t\t\t\t\t<div class=\"jet-listing-grid jet-listing\"><div class=\"jet-listing-grid__items grid-col-desk-1 grid-col-tablet-1 grid-col-mobile-1 jet-listing-grid--720 grid-collapse-gap\" data-queried-id=\"2140|WP_Post\" data-nav=\"{&quot;enabled&quot;:false,&quot;type&quot;:null,&quot;more_el&quot;:null,&quot;query&quot;:[],&quot;widget_settings&quot;:{&quot;lisitng_id&quot;:720,&quot;posts_num&quot;:4,&quot;columns&quot;:1,&quot;columns_tablet&quot;:1,&quot;columns_mobile&quot;:1,&quot;column_min_width&quot;:240,&quot;column_min_width_tablet&quot;:240,&quot;column_min_width_mobile&quot;:240,&quot;inline_columns_css&quot;:false,&quot;is_archive_template&quot;:&quot;&quot;,&quot;post_status&quot;:[&quot;publish&quot;],&quot;use_random_posts_num&quot;:&quot;&quot;,&quot;max_posts_num&quot;:9,&quot;not_found_message&quot;:&quot;No data was found&quot;,&quot;is_masonry&quot;:false,&quot;equal_columns_height&quot;:&quot;&quot;,&quot;use_load_more&quot;:&quot;&quot;,&quot;load_more_id&quot;:&quot;&quot;,&quot;load_more_type&quot;:&quot;scroll&quot;,&quot;load_more_offset&quot;:{&quot;unit&quot;:&quot;px&quot;,&quot;size&quot;:0,&quot;sizes&quot;:[]},&quot;use_custom_post_types&quot;:&quot;&quot;,&quot;custom_post_types&quot;:[],&quot;hide_widget_if&quot;:&quot;&quot;,&quot;carousel_enabled&quot;:&quot;&quot;,&quot;slides_to_scroll&quot;:&quot;1&quot;,&quot;arrows&quot;:&quot;true&quot;,&quot;arrow_icon&quot;:&quot;fa fa-angle-left&quot;,&quot;dots&quot;:&quot;&quot;,&quot;autoplay&quot;:&quot;true&quot;,&quot;pause_on_hover&quot;:&quot;true&quot;,&quot;autoplay_speed&quot;:5000,&quot;infinite&quot;:&quot;true&quot;,&quot;center_mode&quot;:&quot;&quot;,&quot;effect&quot;:&quot;slide&quot;,&quot;speed&quot;:500,&quot;inject_alternative_items&quot;:&quot;yes&quot;,&quot;injection_items&quot;:[{&quot;_id&quot;:&quot;43bd0ce&quot;,&quot;item&quot;:&quot;749&quot;}],&quot;scroll_slider_enabled&quot;:&quot;&quot;,&quot;scroll_slider_on&quot;:[&quot;desktop&quot;,&quot;tablet&quot;,&quot;mobile&quot;],&quot;custom_query&quot;:false,&quot;custom_query_id&quot;:&quot;&quot;,&quot;_element_id&quot;:&quot;&quot;,&quot;collapse_first_last_gap&quot;:&quot;true&quot;,&quot;list_tag_selection&quot;:&quot;&quot;,&quot;list_items_wrapper_tag&quot;:&quot;div&quot;,&quot;list_item_tag&quot;:&quot;div&quot;,&quot;empty_items_wrapper_tag&quot;:&quot;div&quot;}}\" data-page=\"1\" data-pages=\"2\" data-listing-source=\"posts\" data-listing-id=\"720\" data-query-id=\"\"><div class=\"jet-listing-grid__item jet-listing-dynamic-post-2483\" data-post-id=\"2483\"  ><style type=\"text\/css\">.jet-listing-dynamic-post-2483 .elementor-element.elementor-element-e829b2f:not(.elementor-motion-effects-element-type-background), .jet-listing-dynamic-post-2483 .elementor-element.elementor-element-e829b2f > .elementor-motion-effects-container > .elementor-motion-effects-layer{background-image:url(\"https:\/\/el-obrador.com\/wp-content\/uploads\/2026\/03\/Albeniz-Premios-Zona-Cine-Docu-Cortos-Koke-Perez-5725_loweb.jpg\");}<\/style>\t\t<div data-elementor-type=\"jet-listing-items\" data-elementor-id=\"720\" class=\"elementor elementor-720\" data-elementor-post-type=\"jet-engine\">\n\t\t\t\t<a class=\"elementor-element elementor-element-da1e0aa e-con-full thumb-news animated-fast e-flex elementor-invisible e-con e-parent\" data-id=\"da1e0aa\" data-element_type=\"container\" data-e-type=\"container\" data-settings=\"{&quot;background_background&quot;:&quot;classic&quot;,&quot;animation&quot;:&quot;fadeInUp&quot;}\" href=\"https:\/\/el-obrador.com\/ca\/los-dias-azules-guanya-dues-biznagas-en-el-festival-de-cinema-de-malaga\/\">\n\t\t<div class=\"elementor-element elementor-element-e829b2f e-con-full e-flex e-con e-child\" data-id=\"e829b2f\" data-element_type=\"container\" data-e-type=\"container\" data-settings=\"{&quot;background_background&quot;:&quot;classic&quot;}\">\n\t\t\t\t<\/div>\n\t\t<div class=\"elementor-element elementor-element-d546c0d e-con-full e-flex e-con e-child\" data-id=\"d546c0d\" data-element_type=\"container\" data-e-type=\"container\">\n\t\t\t\t<div class=\"elementor-element elementor-element-362ea59 elementor-widget elementor-widget-heading\" data-id=\"362ea59\" data-element_type=\"widget\" data-e-type=\"widget\" data-widget_type=\"heading.default\">\n\t\t\t\t\t<h2 class=\"elementor-heading-title elementor-size-default\">Los d\u00edas azules guanya dues Biznagas al Festival de Cinema de M\u00e0laga<\/h2>\t\t\t\t<\/div>\n\t\t\t\t<div class=\"elementor-element elementor-element-f6a88f3 elementor-widget elementor-widget-heading\" data-id=\"f6a88f3\" data-element_type=\"widget\" data-e-type=\"widget\" data-widget_type=\"heading.default\">\n\t\t\t\t\t<h6 class=\"elementor-heading-title elementor-size-default\">16 de mar\u00e7 de 2026<\/h6>\t\t\t\t<\/div>\n\t\t\t\t<div class=\"elementor-element elementor-element-f379779 elementor-widget elementor-widget-jet-listing-dynamic-field\" data-id=\"f379779\" data-element_type=\"widget\" data-e-type=\"widget\" data-widget_type=\"jet-listing-dynamic-field.default\">\n\t\t\t\t\t<div class=\"jet-listing-dynamic-field__replacement-wrap\"><div class=\"jet-listing-dynamic-field__content\" >L&#8217;estrena del curtmetratge de Javier Garc\u00eda Ler\u00edn a M\u00e0laga ens va deixar dues grates sorpreses. La pel\u00b7l\u00edcula va ser premiada en dues categories: &#8211; Biznaga de Plata a millor curtmetratge documental&#8211; Biznaga de Plata al premi del p\u00fablic a millor curtmetratge documental A la cerim\u00f2nia compartim alegria amb els nostres companys del Documental La Carn...<\/div><\/div>\t\t\t\t<\/div>\n\t\t\t\t<\/div>\n\t\t\t\t<\/a>\n\t\t\t\t<\/div>\n\t\t<\/div><div class=\"jet-listing-grid__item jet-listing-dynamic-post-2449 jet-listing-grid--749\" data-post-id=\"2449\"  ><style type=\"text\/css\">.jet-listing-dynamic-post-2449 .elementor-element.elementor-element-0445087:not(.elementor-motion-effects-element-type-background), .jet-listing-dynamic-post-2449 .elementor-element.elementor-element-0445087 > .elementor-motion-effects-container > .elementor-motion-effects-layer{background-image:url(\"https:\/\/el-obrador.com\/wp-content\/uploads\/2026\/03\/LOS-DIAS-AZULES-07_low.jpg\");}<\/style>\t\t<div data-elementor-type=\"jet-listing-items\" data-elementor-id=\"749\" class=\"elementor elementor-749\" data-elementor-post-type=\"jet-engine\">\n\t\t\t\t<a class=\"elementor-element elementor-element-ec968fb e-con-full thumb-news animated-fast e-flex elementor-invisible e-con e-parent\" data-id=\"ec968fb\" data-element_type=\"container\" data-e-type=\"container\" data-settings=\"{&quot;background_background&quot;:&quot;classic&quot;,&quot;animation&quot;:&quot;fadeInUp&quot;}\" href=\"https:\/\/el-obrador.com\/ca\/estrenem-los-dias-azules-en-el-festival-de-malaga\/\">\n\t\t<div class=\"elementor-element elementor-element-d1a47c7 e-con-full e-flex e-con e-child\" data-id=\"d1a47c7\" data-element_type=\"container\" data-e-type=\"container\">\n\t\t\t\t<div class=\"elementor-element elementor-element-9d6a209 elementor-widget elementor-widget-heading\" data-id=\"9d6a209\" data-element_type=\"widget\" data-e-type=\"widget\" data-widget_type=\"heading.default\">\n\t\t\t\t\t<h2 class=\"elementor-heading-title elementor-size-default\">Estrenem Los d\u00edas azules al Festival de M\u00e0laga<\/h2>\t\t\t\t<\/div>\n\t\t\t\t<div class=\"elementor-element elementor-element-a7dfa7d elementor-widget elementor-widget-heading\" data-id=\"a7dfa7d\" data-element_type=\"widget\" data-e-type=\"widget\" data-widget_type=\"heading.default\">\n\t\t\t\t\t<h6 class=\"elementor-heading-title elementor-size-default\">11 de mar\u00e7 de 2026<\/h6>\t\t\t\t<\/div>\n\t\t\t\t<div class=\"elementor-element elementor-element-4ec9c0e elementor-widget elementor-widget-jet-listing-dynamic-field\" data-id=\"4ec9c0e\" data-element_type=\"widget\" data-e-type=\"widget\" data-widget_type=\"jet-listing-dynamic-field.default\">\n\t\t\t\t\t<div class=\"jet-listing-dynamic-field__replacement-wrap\"><div class=\"jet-listing-dynamic-field__content\" >Ahir, dimarts 10 de mar\u00e7, vam estrenar Los d\u00edas azules a la Secci\u00f3 Oficial de Curtmetratges Documentals del Festival de M\u00e0laga.El curtmetratge es va presentar amb la pres\u00e8ncia del director Javier Garcia Ler\u00edn, la fam\u00edlia i el productor Jaime Muguruza, en una sala plena.Moltes gr\u00e0cies a tots els que us vau acostar a viure aquest...<\/div><\/div>\t\t\t\t<\/div>\n\t\t\t\t<\/div>\n\t\t<div class=\"elementor-element elementor-element-0445087 e-con-full e-flex e-con e-child\" data-id=\"0445087\" data-element_type=\"container\" data-e-type=\"container\" data-settings=\"{&quot;background_background&quot;:&quot;classic&quot;}\">\n\t\t\t\t<\/div>\n\t\t\t\t<\/a>\n\t\t\t\t<\/div>\n\t\t<\/div><div class=\"jet-listing-grid__item jet-listing-dynamic-post-2413\" data-post-id=\"2413\"  ><style type=\"text\/css\">.jet-listing-dynamic-post-2413 .elementor-element.elementor-element-e829b2f:not(.elementor-motion-effects-element-type-background), .jet-listing-dynamic-post-2413 .elementor-element.elementor-element-e829b2f > .elementor-motion-effects-container > .elementor-motion-effects-layer{background-image:url(\"https:\/\/el-obrador.com\/wp-content\/uploads\/2025\/07\/Los-dias-azules.jpg\");}<\/style>\t\t<div data-elementor-type=\"jet-listing-items\" data-elementor-id=\"720\" class=\"elementor elementor-720\" data-elementor-post-type=\"jet-engine\">\n\t\t\t\t<a class=\"elementor-element elementor-element-da1e0aa e-con-full thumb-news animated-fast e-flex elementor-invisible e-con e-parent\" data-id=\"da1e0aa\" data-element_type=\"container\" data-e-type=\"container\" data-settings=\"{&quot;background_background&quot;:&quot;classic&quot;,&quot;animation&quot;:&quot;fadeInUp&quot;}\" href=\"https:\/\/el-obrador.com\/ca\/ens-anem-al-festival-de-malaga-amb-los-dias-azules\/\">\n\t\t<div class=\"elementor-element elementor-element-e829b2f e-con-full e-flex e-con e-child\" data-id=\"e829b2f\" data-element_type=\"container\" data-e-type=\"container\" data-settings=\"{&quot;background_background&quot;:&quot;classic&quot;}\">\n\t\t\t\t<\/div>\n\t\t<div class=\"elementor-element elementor-element-d546c0d e-con-full e-flex e-con e-child\" data-id=\"d546c0d\" data-element_type=\"container\" data-e-type=\"container\">\n\t\t\t\t<div class=\"elementor-element elementor-element-362ea59 elementor-widget elementor-widget-heading\" data-id=\"362ea59\" data-element_type=\"widget\" data-e-type=\"widget\" data-widget_type=\"heading.default\">\n\t\t\t\t\t<h2 class=\"elementor-heading-title elementor-size-default\">Marxem al Festival de M\u00e0laga amb Els dies blaus<\/h2>\t\t\t\t<\/div>\n\t\t\t\t<div class=\"elementor-element elementor-element-f6a88f3 elementor-widget elementor-widget-heading\" data-id=\"f6a88f3\" data-element_type=\"widget\" data-e-type=\"widget\" data-widget_type=\"heading.default\">\n\t\t\t\t\t<h6 class=\"elementor-heading-title elementor-size-default\">13 de febrer de 2026<\/h6>\t\t\t\t<\/div>\n\t\t\t\t<div class=\"elementor-element elementor-element-f379779 elementor-widget elementor-widget-jet-listing-dynamic-field\" data-id=\"f379779\" data-element_type=\"widget\" data-e-type=\"widget\" data-widget_type=\"jet-listing-dynamic-field.default\">\n\t\t\t\t\t<div class=\"jet-listing-dynamic-field__replacement-wrap\"><div class=\"jet-listing-dynamic-field__content\" >Ens fa molta il\u00b7lusi\u00f3 anunciar que l&#8217;estrena mundial del curt Los d\u00edas azules de Javier Garc\u00eda Ler\u00edn s&#8217;estrenar\u00e0 al Festival de M\u00e0laga a la Secci\u00f3 Oficial de Curtmetratges Documentals . La projecci\u00f3 tindr\u00e0 lloc el 10 de mar\u00e7 a les 18:30h al Centre Cultural M\u00aa Victoria Atencia. Aqu\u00ed ja podeu reservar les entrades! Els dies...<\/div><\/div>\t\t\t\t<\/div>\n\t\t\t\t<\/div>\n\t\t\t\t<\/a>\n\t\t\t\t<\/div>\n\t\t<\/div><div class=\"jet-listing-grid__item jet-listing-dynamic-post-2376 jet-listing-grid--749\" data-post-id=\"2376\"  ><style type=\"text\/css\">.jet-listing-dynamic-post-2376 .elementor-element.elementor-element-0445087:not(.elementor-motion-effects-element-type-background), .jet-listing-dynamic-post-2376 .elementor-element.elementor-element-0445087 > .elementor-motion-effects-container > .elementor-motion-effects-layer{background-image:url(\"https:\/\/el-obrador.com\/wp-content\/uploads\/2025\/10\/PXL_20240506_131735881.MP-EDIT-e1761577997398.jpg\");}<\/style>\t\t<div data-elementor-type=\"jet-listing-items\" data-elementor-id=\"749\" class=\"elementor elementor-749\" data-elementor-post-type=\"jet-engine\">\n\t\t\t\t<a class=\"elementor-element elementor-element-ec968fb e-con-full thumb-news animated-fast e-flex elementor-invisible e-con e-parent\" data-id=\"ec968fb\" data-element_type=\"container\" data-e-type=\"container\" data-settings=\"{&quot;background_background&quot;:&quot;classic&quot;,&quot;animation&quot;:&quot;fadeInUp&quot;}\" href=\"https:\/\/el-obrador.com\/ca\/rodatges-sostenibles-2\/\">\n\t\t<div class=\"elementor-element elementor-element-d1a47c7 e-con-full e-flex e-con e-child\" data-id=\"d1a47c7\" data-element_type=\"container\" data-e-type=\"container\">\n\t\t\t\t<div class=\"elementor-element elementor-element-9d6a209 elementor-widget elementor-widget-heading\" data-id=\"9d6a209\" data-element_type=\"widget\" data-e-type=\"widget\" data-widget_type=\"heading.default\">\n\t\t\t\t\t<h2 class=\"elementor-heading-title elementor-size-default\">Rodatges sostenibles<\/h2>\t\t\t\t<\/div>\n\t\t\t\t<div class=\"elementor-element elementor-element-a7dfa7d elementor-widget elementor-widget-heading\" data-id=\"a7dfa7d\" data-element_type=\"widget\" data-e-type=\"widget\" data-widget_type=\"heading.default\">\n\t\t\t\t\t<h6 class=\"elementor-heading-title elementor-size-default\">19 de gener de 2026<\/h6>\t\t\t\t<\/div>\n\t\t\t\t<div class=\"elementor-element elementor-element-4ec9c0e elementor-widget elementor-widget-jet-listing-dynamic-field\" data-id=\"4ec9c0e\" data-element_type=\"widget\" data-e-type=\"widget\" data-widget_type=\"jet-listing-dynamic-field.default\">\n\t\t\t\t\t<div class=\"jet-listing-dynamic-field__replacement-wrap\"><div class=\"jet-listing-dynamic-field__content\" >El programa &#8216;Docthinks&#8217; ha estat beneficiari d&#8217;una subvenci\u00f3 destinada a reduir els residus derivats del consum d&#8217;aliments i begudes durant els rodatges a Mallorca. Gr\u00e0cies a aquesta ajuda s&#8217;han implementat mesures concretes com l&#8217; eliminaci\u00f3 d&#8217;utensilis i envasos d&#8217;un sol \u00fas , la introducci\u00f3 de sistemes reutilitzables i la selecci\u00f3 d&#8217;aliments de proximitat i de...<\/div><\/div>\t\t\t\t<\/div>\n\t\t\t\t<\/div>\n\t\t<div class=\"elementor-element elementor-element-0445087 e-con-full e-flex e-con e-child\" data-id=\"0445087\" data-element_type=\"container\" data-e-type=\"container\" data-settings=\"{&quot;background_background&quot;:&quot;classic&quot;}\">\n\t\t\t\t<\/div>\n\t\t\t\t<\/a>\n\t\t\t\t<\/div>\n\t\t<\/div><\/div><\/div>\t\t\t\t<\/div>\n\t\t\t\t<\/div>\n\t\t<div class=\"elementor-element elementor-element-8ded60c e-con-full e-flex e-con e-parent\" data-id=\"8ded60c\" data-element_type=\"container\" data-e-type=\"container\">\n\t\t\t\t<div class=\"elementor-element elementor-element-a987ae3 elementor-widget__width-inherit elementor-widget-mobile__width-inherit animated-slow elementor-cta--layout-image-above elementor-cta--skin-classic elementor-animated-content elementor-bg-transform elementor-bg-transform-zoom-in elementor-invisible elementor-widget elementor-widget-call-to-action\" data-id=\"a987ae3\" data-element_type=\"widget\" data-e-type=\"widget\" data-settings=\"{&quot;_animation&quot;:&quot;fadeIn&quot;,&quot;_animation_delay&quot;:500}\" data-widget_type=\"call-to-action.default\">\n\t\t\t\t\t\t\t<a class=\"elementor-cta\" href=\"https:\/\/el-obrador.com\/ca\/contacte\/\">\n\t\t\t\t\t\t\t<div class=\"elementor-cta__content\">\n\t\t\t\t\n\t\t\t\t\t\t\t\t\t<h2 class=\"elementor-cta__title elementor-cta__content-item elementor-content-item\">\n\t\t\t\t\t\t  Tens un projecte?  \t\t\t\t\t<\/h2>\n\t\t\t\t\n\t\t\t\t\t\t\t\t\t<div class=\"elementor-cta__description elementor-cta__content-item elementor-content-item\">\n\t\t\t\t\t\t  Parlem.\t\t\t\t\t<\/div>\n\t\t\t\t\n\t\t\t\t\t\t\t<\/div>\n\t\t\t\t\t\t<\/a>\n\t\t\t\t\t\t<\/div>\n\t\t\t\t<\/div>\n\t\t\t\t<\/div>\n\t\t","protected":false},"excerpt":{"rendered":"<p>\u00daltimes not\u00edcies En un lugar de la mente llega a los cines el pr\u00f3ximo 18 de septiembre. Una Sala R\u00edvoli llena viv\u00f3 la premiere balear que cont\u00f3 con gran presencia del equipo como Jos\u00e9 Corbacho, Catalina Solivellas, los actores y actrices de 3 Salut Mental y nombrosos representantes institucionales. El pasado 29 de julio estrenamos [&hellip;]<\/p>\n","protected":false},"author":1,"featured_media":0,"parent":0,"menu_order":6,"comment_status":"closed","ping_status":"closed","template":"","meta":{"footnotes":""},"class_list":["post-2140","page","type-page","status-publish","hentry"],"_links":{"self":[{"href":"https:\/\/el-obrador.com\/ca\/wp-json\/wp\/v2\/pages\/2140","targetHints":{"allow":["GET"]}}],"collection":[{"href":"https:\/\/el-obrador.com\/ca\/wp-json\/wp\/v2\/pages"}],"about":[{"href":"https:\/\/el-obrador.com\/ca\/wp-json\/wp\/v2\/types\/page"}],"author":[{"embeddable":true,"href":"https:\/\/el-obrador.com\/ca\/wp-json\/wp\/v2\/users\/1"}],"replies":[{"embeddable":true,"href":"https:\/\/el-obrador.com\/ca\/wp-json\/wp\/v2\/comments?post=2140"}],"version-history":[{"count":0,"href":"https:\/\/el-obrador.com\/ca\/wp-json\/wp\/v2\/pages\/2140\/revisions"}],"wp:attachment":[{"href":"https:\/\/el-obrador.com\/ca\/wp-json\/wp\/v2\/media?parent=2140"}],"curies":[{"name":"wp","href":"https:\/\/api.w.org\/{rel}","templated":true}]}}