{"id":2136,"date":"2025-09-18T23:09:01","date_gmt":"2025-09-18T21:09:01","guid":{"rendered":"https:\/\/el-obrador.com\/noticies\/"},"modified":"2025-09-18T23:09:01","modified_gmt":"2025-09-18T21:09:01","slug":"noticies","status":"publish","type":"page","link":"https:\/\/el-obrador.com\/ca\/noticies\/","title":{"rendered":"Not\u00edcies"},"content":{"rendered":"\t\t<div data-elementor-type=\"wp-page\" data-elementor-id=\"2136\" class=\"elementor elementor-2136 elementor-211\" data-elementor-post-type=\"page\">\n\t\t\t\t<div class=\"elementor-element elementor-element-6767eb7 e-con-full animated-slow e-flex elementor-invisible e-con e-parent\" data-id=\"6767eb7\" data-element_type=\"container\" data-e-type=\"container\" data-settings=\"{&quot;animation&quot;:&quot;fadeIn&quot;}\">\n\t\t<div class=\"elementor-element elementor-element-e1315c4 e-con-full e-flex e-con e-child\" data-id=\"e1315c4\" data-element_type=\"container\" data-e-type=\"container\">\n\t\t\t\t<div class=\"elementor-element elementor-element-adb32a5 elementor-widget elementor-widget-heading\" data-id=\"adb32a5\" data-element_type=\"widget\" data-e-type=\"widget\" data-widget_type=\"heading.default\">\n\t\t\t\t\t<h1 class=\"elementor-heading-title elementor-size-default\">el que fem,<br> el que estrenem,<br> el que pensem.<\/h1>\t\t\t\t<\/div>\n\t\t\t\t<\/div>\n\t\t<div class=\"elementor-element elementor-element-ad36cbc e-con-full e-flex e-con e-child\" data-id=\"ad36cbc\" data-element_type=\"container\" data-e-type=\"container\">\n\t\t\t\t<div class=\"elementor-element elementor-element-0590420 elementor-widget__width-initial elementor-widget elementor-widget-text-editor\" data-id=\"0590420\" data-element_type=\"widget\" data-e-type=\"widget\" data-widget_type=\"text-editor.default\">\n\t\t\t\t\t\t\t\t\t<p>Aquest \u00e9s el lloc on compartim la nostra activitat di\u00e0ria, els projectes en curs, les estrenes, els premis, les col\u00b7laboracions i les reflexions que ens mouen.<\/p><p>Creiem en la transpar\u00e8ncia del proc\u00e9s creatiu i en la import\u00e0ncia d&#8217;explicar no nom\u00e9s les pel\u00b7l\u00edcules, sin\u00f3 tamb\u00e9 el que passa darrere seu.<\/p><p><em><strong>AQU\u00cd PODR\u00c0S SEGUIR DE PROP<\/strong><\/em><\/p><ul><li><em>Rodatges en marxa<\/em><\/li><li><em>Dates d&#8217;estrena i festivals<\/em><\/li><li><em>Convocat\u00f2ries obertes (resid\u00e8ncies, mentories, cursos)<\/em><\/li><li><em>Articles sobre cinema documental i comunicaci\u00f3<\/em><\/li><li><em>Novetats de Majordocs i Docthinks<\/em><\/li><li><em>Not\u00edcies del nostre equip<\/em><\/li><\/ul>\t\t\t\t\t\t\t\t<\/div>\n\t\t\t\t<\/div>\n\t\t\t\t<\/div>\n\t\t<div class=\"elementor-element elementor-element-002590e e-con-full animated-slow e-flex elementor-invisible e-con e-parent\" data-id=\"002590e\" data-element_type=\"container\" data-e-type=\"container\" data-settings=\"{&quot;background_background&quot;:&quot;classic&quot;,&quot;animation&quot;:&quot;fadeIn&quot;,&quot;animation_delay&quot;:1000,&quot;background_motion_fx_motion_fx_scrolling&quot;:&quot;yes&quot;,&quot;background_motion_fx_devices&quot;:[&quot;desktop&quot;,&quot;laptop&quot;,&quot;tablet&quot;,&quot;mobile&quot;]}\">\n\t\t\t\t<div class=\"elementor-element elementor-element-6b8b22d elementor-widget elementor-widget-jet-listing-grid\" data-id=\"6b8b22d\" data-element_type=\"widget\" data-e-type=\"widget\" data-settings=\"{&quot;columns&quot;:&quot;1&quot;}\" data-widget_type=\"jet-listing-grid.default\">\n\t\t\t\t\t<div class=\"jet-listing-grid jet-listing\"><div class=\"jet-listing-grid__items grid-col-desk-1 grid-col-tablet-1 grid-col-mobile-1 jet-listing-grid--720 grid-collapse-gap\" data-queried-id=\"2136|WP_Post\" data-nav=\"{&quot;enabled&quot;:true,&quot;type&quot;:&quot;scroll&quot;,&quot;more_el&quot;:null,&quot;query&quot;:{&quot;post_status&quot;:[&quot;publish&quot;],&quot;post_type&quot;:&quot;post&quot;,&quot;posts_per_page&quot;:&quot;6&quot;,&quot;paged&quot;:&quot;1&quot;,&quot;ignore_sticky_posts&quot;:&quot;1&quot;,&quot;suppress_filters&quot;:false,&quot;jet_smart_filters&quot;:&quot;jet-engine\\\/default&quot;,&quot;signature&quot;:&quot;715c4ae509af187c5aa27001f5b378b0e590141763b819593bbf29b084c43d6c&quot;},&quot;widget_settings&quot;:{&quot;lisitng_id&quot;:720,&quot;posts_num&quot;:6,&quot;columns&quot;:1,&quot;columns_tablet&quot;:1,&quot;columns_mobile&quot;:1,&quot;column_min_width&quot;:240,&quot;column_min_width_tablet&quot;:240,&quot;column_min_width_mobile&quot;:240,&quot;inline_columns_css&quot;:false,&quot;is_archive_template&quot;:&quot;&quot;,&quot;post_status&quot;:[&quot;publish&quot;],&quot;use_random_posts_num&quot;:&quot;&quot;,&quot;max_posts_num&quot;:9,&quot;not_found_message&quot;:&quot;No data was found&quot;,&quot;is_masonry&quot;:false,&quot;equal_columns_height&quot;:&quot;&quot;,&quot;use_load_more&quot;:&quot;yes&quot;,&quot;load_more_id&quot;:&quot;&quot;,&quot;load_more_type&quot;:&quot;scroll&quot;,&quot;load_more_offset&quot;:{&quot;unit&quot;:&quot;px&quot;,&quot;size&quot;:0,&quot;sizes&quot;:[]},&quot;use_custom_post_types&quot;:&quot;&quot;,&quot;custom_post_types&quot;:[],&quot;hide_widget_if&quot;:&quot;&quot;,&quot;carousel_enabled&quot;:&quot;&quot;,&quot;slides_to_scroll&quot;:&quot;1&quot;,&quot;arrows&quot;:&quot;true&quot;,&quot;arrow_icon&quot;:&quot;fa fa-angle-left&quot;,&quot;dots&quot;:&quot;&quot;,&quot;autoplay&quot;:&quot;true&quot;,&quot;pause_on_hover&quot;:&quot;true&quot;,&quot;autoplay_speed&quot;:5000,&quot;infinite&quot;:&quot;true&quot;,&quot;center_mode&quot;:&quot;&quot;,&quot;effect&quot;:&quot;slide&quot;,&quot;speed&quot;:500,&quot;inject_alternative_items&quot;:&quot;yes&quot;,&quot;injection_items&quot;:[{&quot;_id&quot;:&quot;43bd0ce&quot;,&quot;item&quot;:&quot;749&quot;}],&quot;scroll_slider_enabled&quot;:&quot;&quot;,&quot;scroll_slider_on&quot;:[&quot;desktop&quot;,&quot;tablet&quot;,&quot;mobile&quot;],&quot;custom_query&quot;:false,&quot;custom_query_id&quot;:&quot;&quot;,&quot;_element_id&quot;:&quot;&quot;,&quot;collapse_first_last_gap&quot;:&quot;true&quot;,&quot;list_tag_selection&quot;:&quot;&quot;,&quot;list_items_wrapper_tag&quot;:&quot;div&quot;,&quot;list_item_tag&quot;:&quot;div&quot;,&quot;empty_items_wrapper_tag&quot;:&quot;div&quot;}}\" data-page=\"1\" data-pages=\"2\" data-listing-source=\"posts\" data-listing-id=\"720\" data-query-id=\"\"><div class=\"jet-listing-grid__item jet-listing-dynamic-post-2483\" data-post-id=\"2483\"  ><style type=\"text\/css\">.jet-listing-dynamic-post-2483 .elementor-element.elementor-element-e829b2f:not(.elementor-motion-effects-element-type-background), .jet-listing-dynamic-post-2483 .elementor-element.elementor-element-e829b2f > .elementor-motion-effects-container > .elementor-motion-effects-layer{background-image:url(\"https:\/\/el-obrador.com\/wp-content\/uploads\/2026\/03\/Albeniz-Premios-Zona-Cine-Docu-Cortos-Koke-Perez-5725_loweb.jpg\");}<\/style>\t\t<div data-elementor-type=\"jet-listing-items\" data-elementor-id=\"720\" class=\"elementor elementor-720\" data-elementor-post-type=\"jet-engine\">\n\t\t\t\t<a class=\"elementor-element elementor-element-da1e0aa e-con-full thumb-news animated-fast e-flex elementor-invisible e-con e-parent\" data-id=\"da1e0aa\" data-element_type=\"container\" data-e-type=\"container\" data-settings=\"{&quot;background_background&quot;:&quot;classic&quot;,&quot;animation&quot;:&quot;fadeInUp&quot;}\" href=\"https:\/\/el-obrador.com\/ca\/los-dias-azules-guanya-dues-biznagas-en-el-festival-de-cinema-de-malaga\/\">\n\t\t<div class=\"elementor-element elementor-element-e829b2f e-con-full e-flex e-con e-child\" data-id=\"e829b2f\" data-element_type=\"container\" data-e-type=\"container\" data-settings=\"{&quot;background_background&quot;:&quot;classic&quot;}\">\n\t\t\t\t<\/div>\n\t\t<div class=\"elementor-element elementor-element-d546c0d e-con-full e-flex e-con e-child\" data-id=\"d546c0d\" data-element_type=\"container\" data-e-type=\"container\">\n\t\t\t\t<div class=\"elementor-element elementor-element-362ea59 elementor-widget elementor-widget-heading\" data-id=\"362ea59\" data-element_type=\"widget\" data-e-type=\"widget\" data-widget_type=\"heading.default\">\n\t\t\t\t\t<h2 class=\"elementor-heading-title elementor-size-default\">Los d\u00edas azules guanya dues Biznagas al Festival de Cinema de M\u00e0laga<\/h2>\t\t\t\t<\/div>\n\t\t\t\t<div class=\"elementor-element elementor-element-f6a88f3 elementor-widget elementor-widget-heading\" data-id=\"f6a88f3\" data-element_type=\"widget\" data-e-type=\"widget\" data-widget_type=\"heading.default\">\n\t\t\t\t\t<h6 class=\"elementor-heading-title elementor-size-default\">16 de mar\u00e7 de 2026<\/h6>\t\t\t\t<\/div>\n\t\t\t\t<div class=\"elementor-element elementor-element-f379779 elementor-widget elementor-widget-jet-listing-dynamic-field\" data-id=\"f379779\" data-element_type=\"widget\" data-e-type=\"widget\" data-widget_type=\"jet-listing-dynamic-field.default\">\n\t\t\t\t\t<div class=\"jet-listing-dynamic-field__replacement-wrap\"><div class=\"jet-listing-dynamic-field__content\" >L&#8217;estrena del curtmetratge de Javier Garc\u00eda Ler\u00edn a M\u00e0laga ens va deixar dues grates sorpreses. La pel\u00b7l\u00edcula va ser premiada en dues categories: &#8211; Biznaga de Plata a millor curtmetratge documental&#8211; Biznaga de Plata al premi del p\u00fablic a millor curtmetratge documental A la cerim\u00f2nia compartim alegria amb els nostres companys del Documental La Carn...<\/div><\/div>\t\t\t\t<\/div>\n\t\t\t\t<\/div>\n\t\t\t\t<\/a>\n\t\t\t\t<\/div>\n\t\t<\/div><div class=\"jet-listing-grid__item jet-listing-dynamic-post-2449 jet-listing-grid--749\" data-post-id=\"2449\"  ><style type=\"text\/css\">.jet-listing-dynamic-post-2449 .elementor-element.elementor-element-0445087:not(.elementor-motion-effects-element-type-background), .jet-listing-dynamic-post-2449 .elementor-element.elementor-element-0445087 > .elementor-motion-effects-container > .elementor-motion-effects-layer{background-image:url(\"https:\/\/el-obrador.com\/wp-content\/uploads\/2026\/03\/LOS-DIAS-AZULES-07_low.jpg\");}<\/style>\t\t<div data-elementor-type=\"jet-listing-items\" data-elementor-id=\"749\" class=\"elementor elementor-749\" data-elementor-post-type=\"jet-engine\">\n\t\t\t\t<a class=\"elementor-element elementor-element-ec968fb e-con-full thumb-news animated-fast e-flex elementor-invisible e-con e-parent\" data-id=\"ec968fb\" data-element_type=\"container\" data-e-type=\"container\" data-settings=\"{&quot;background_background&quot;:&quot;classic&quot;,&quot;animation&quot;:&quot;fadeInUp&quot;}\" href=\"https:\/\/el-obrador.com\/ca\/estrenem-los-dias-azules-en-el-festival-de-malaga\/\">\n\t\t<div class=\"elementor-element elementor-element-d1a47c7 e-con-full e-flex e-con e-child\" data-id=\"d1a47c7\" data-element_type=\"container\" data-e-type=\"container\">\n\t\t\t\t<div class=\"elementor-element elementor-element-9d6a209 elementor-widget elementor-widget-heading\" data-id=\"9d6a209\" data-element_type=\"widget\" data-e-type=\"widget\" data-widget_type=\"heading.default\">\n\t\t\t\t\t<h2 class=\"elementor-heading-title elementor-size-default\">Estrenem Los d\u00edas azules al Festival de M\u00e0laga<\/h2>\t\t\t\t<\/div>\n\t\t\t\t<div class=\"elementor-element elementor-element-a7dfa7d elementor-widget elementor-widget-heading\" data-id=\"a7dfa7d\" data-element_type=\"widget\" data-e-type=\"widget\" data-widget_type=\"heading.default\">\n\t\t\t\t\t<h6 class=\"elementor-heading-title elementor-size-default\">11 de mar\u00e7 de 2026<\/h6>\t\t\t\t<\/div>\n\t\t\t\t<div class=\"elementor-element elementor-element-4ec9c0e elementor-widget elementor-widget-jet-listing-dynamic-field\" data-id=\"4ec9c0e\" data-element_type=\"widget\" data-e-type=\"widget\" data-widget_type=\"jet-listing-dynamic-field.default\">\n\t\t\t\t\t<div class=\"jet-listing-dynamic-field__replacement-wrap\"><div class=\"jet-listing-dynamic-field__content\" >Ahir, dimarts 10 de mar\u00e7, vam estrenar Los d\u00edas azules a la Secci\u00f3 Oficial de Curtmetratges Documentals del Festival de M\u00e0laga.El curtmetratge es va presentar amb la pres\u00e8ncia del director Javier Garcia Ler\u00edn, la fam\u00edlia i el productor Jaime Muguruza, en una sala plena.Moltes gr\u00e0cies a tots els que us vau acostar a viure aquest...<\/div><\/div>\t\t\t\t<\/div>\n\t\t\t\t<\/div>\n\t\t<div class=\"elementor-element elementor-element-0445087 e-con-full e-flex e-con e-child\" data-id=\"0445087\" data-element_type=\"container\" data-e-type=\"container\" data-settings=\"{&quot;background_background&quot;:&quot;classic&quot;}\">\n\t\t\t\t<\/div>\n\t\t\t\t<\/a>\n\t\t\t\t<\/div>\n\t\t<\/div><div class=\"jet-listing-grid__item jet-listing-dynamic-post-2413\" data-post-id=\"2413\"  ><style type=\"text\/css\">.jet-listing-dynamic-post-2413 .elementor-element.elementor-element-e829b2f:not(.elementor-motion-effects-element-type-background), .jet-listing-dynamic-post-2413 .elementor-element.elementor-element-e829b2f > .elementor-motion-effects-container > .elementor-motion-effects-layer{background-image:url(\"https:\/\/el-obrador.com\/wp-content\/uploads\/2025\/07\/Los-dias-azules.jpg\");}<\/style>\t\t<div data-elementor-type=\"jet-listing-items\" data-elementor-id=\"720\" class=\"elementor elementor-720\" data-elementor-post-type=\"jet-engine\">\n\t\t\t\t<a class=\"elementor-element elementor-element-da1e0aa e-con-full thumb-news animated-fast e-flex elementor-invisible e-con e-parent\" data-id=\"da1e0aa\" data-element_type=\"container\" data-e-type=\"container\" data-settings=\"{&quot;background_background&quot;:&quot;classic&quot;,&quot;animation&quot;:&quot;fadeInUp&quot;}\" href=\"https:\/\/el-obrador.com\/ca\/ens-anem-al-festival-de-malaga-amb-los-dias-azules\/\">\n\t\t<div class=\"elementor-element elementor-element-e829b2f e-con-full e-flex e-con e-child\" data-id=\"e829b2f\" data-element_type=\"container\" data-e-type=\"container\" data-settings=\"{&quot;background_background&quot;:&quot;classic&quot;}\">\n\t\t\t\t<\/div>\n\t\t<div class=\"elementor-element elementor-element-d546c0d e-con-full e-flex e-con e-child\" data-id=\"d546c0d\" data-element_type=\"container\" data-e-type=\"container\">\n\t\t\t\t<div class=\"elementor-element elementor-element-362ea59 elementor-widget elementor-widget-heading\" data-id=\"362ea59\" data-element_type=\"widget\" data-e-type=\"widget\" data-widget_type=\"heading.default\">\n\t\t\t\t\t<h2 class=\"elementor-heading-title elementor-size-default\">Marxem al Festival de M\u00e0laga amb Els dies blaus<\/h2>\t\t\t\t<\/div>\n\t\t\t\t<div class=\"elementor-element elementor-element-f6a88f3 elementor-widget elementor-widget-heading\" data-id=\"f6a88f3\" data-element_type=\"widget\" data-e-type=\"widget\" data-widget_type=\"heading.default\">\n\t\t\t\t\t<h6 class=\"elementor-heading-title elementor-size-default\">13 de febrer de 2026<\/h6>\t\t\t\t<\/div>\n\t\t\t\t<div class=\"elementor-element elementor-element-f379779 elementor-widget elementor-widget-jet-listing-dynamic-field\" data-id=\"f379779\" data-element_type=\"widget\" data-e-type=\"widget\" data-widget_type=\"jet-listing-dynamic-field.default\">\n\t\t\t\t\t<div class=\"jet-listing-dynamic-field__replacement-wrap\"><div class=\"jet-listing-dynamic-field__content\" >Ens fa molta il\u00b7lusi\u00f3 anunciar que l&#8217;estrena mundial del curt Los d\u00edas azules de Javier Garc\u00eda Ler\u00edn s&#8217;estrenar\u00e0 al Festival de M\u00e0laga a la Secci\u00f3 Oficial de Curtmetratges Documentals . La projecci\u00f3 tindr\u00e0 lloc el 10 de mar\u00e7 a les 18:30h al Centre Cultural M\u00aa Victoria Atencia. Aqu\u00ed ja podeu reservar les entrades! Els dies...<\/div><\/div>\t\t\t\t<\/div>\n\t\t\t\t<\/div>\n\t\t\t\t<\/a>\n\t\t\t\t<\/div>\n\t\t<\/div><div class=\"jet-listing-grid__item jet-listing-dynamic-post-2376 jet-listing-grid--749\" data-post-id=\"2376\"  ><style type=\"text\/css\">.jet-listing-dynamic-post-2376 .elementor-element.elementor-element-0445087:not(.elementor-motion-effects-element-type-background), .jet-listing-dynamic-post-2376 .elementor-element.elementor-element-0445087 > .elementor-motion-effects-container > .elementor-motion-effects-layer{background-image:url(\"https:\/\/el-obrador.com\/wp-content\/uploads\/2025\/10\/PXL_20240506_131735881.MP-EDIT-e1761577997398.jpg\");}<\/style>\t\t<div data-elementor-type=\"jet-listing-items\" data-elementor-id=\"749\" class=\"elementor elementor-749\" data-elementor-post-type=\"jet-engine\">\n\t\t\t\t<a class=\"elementor-element elementor-element-ec968fb e-con-full thumb-news animated-fast e-flex elementor-invisible e-con e-parent\" data-id=\"ec968fb\" data-element_type=\"container\" data-e-type=\"container\" data-settings=\"{&quot;background_background&quot;:&quot;classic&quot;,&quot;animation&quot;:&quot;fadeInUp&quot;}\" href=\"https:\/\/el-obrador.com\/ca\/rodatges-sostenibles-2\/\">\n\t\t<div class=\"elementor-element elementor-element-d1a47c7 e-con-full e-flex e-con e-child\" data-id=\"d1a47c7\" data-element_type=\"container\" data-e-type=\"container\">\n\t\t\t\t<div class=\"elementor-element elementor-element-9d6a209 elementor-widget elementor-widget-heading\" data-id=\"9d6a209\" data-element_type=\"widget\" data-e-type=\"widget\" data-widget_type=\"heading.default\">\n\t\t\t\t\t<h2 class=\"elementor-heading-title elementor-size-default\">Rodatges sostenibles<\/h2>\t\t\t\t<\/div>\n\t\t\t\t<div class=\"elementor-element elementor-element-a7dfa7d elementor-widget elementor-widget-heading\" data-id=\"a7dfa7d\" data-element_type=\"widget\" data-e-type=\"widget\" data-widget_type=\"heading.default\">\n\t\t\t\t\t<h6 class=\"elementor-heading-title elementor-size-default\">19 de gener de 2026<\/h6>\t\t\t\t<\/div>\n\t\t\t\t<div class=\"elementor-element elementor-element-4ec9c0e elementor-widget elementor-widget-jet-listing-dynamic-field\" data-id=\"4ec9c0e\" data-element_type=\"widget\" data-e-type=\"widget\" data-widget_type=\"jet-listing-dynamic-field.default\">\n\t\t\t\t\t<div class=\"jet-listing-dynamic-field__replacement-wrap\"><div class=\"jet-listing-dynamic-field__content\" >El programa &#8216;Docthinks&#8217; ha estat beneficiari d&#8217;una subvenci\u00f3 destinada a reduir els residus derivats del consum d&#8217;aliments i begudes durant els rodatges a Mallorca. Gr\u00e0cies a aquesta ajuda s&#8217;han implementat mesures concretes com l&#8217; eliminaci\u00f3 d&#8217;utensilis i envasos d&#8217;un sol \u00fas , la introducci\u00f3 de sistemes reutilitzables i la selecci\u00f3 d&#8217;aliments de proximitat i de...<\/div><\/div>\t\t\t\t<\/div>\n\t\t\t\t<\/div>\n\t\t<div class=\"elementor-element elementor-element-0445087 e-con-full e-flex e-con e-child\" data-id=\"0445087\" data-element_type=\"container\" data-e-type=\"container\" data-settings=\"{&quot;background_background&quot;:&quot;classic&quot;}\">\n\t\t\t\t<\/div>\n\t\t\t\t<\/a>\n\t\t\t\t<\/div>\n\t\t<\/div><div class=\"jet-listing-grid__item jet-listing-dynamic-post-2338\" data-post-id=\"2338\"  ><style type=\"text\/css\">.jet-listing-dynamic-post-2338 .elementor-element.elementor-element-e829b2f:not(.elementor-motion-effects-element-type-background), .jet-listing-dynamic-post-2338 .elementor-element.elementor-element-e829b2f > .elementor-motion-effects-container > .elementor-motion-effects-layer{background-image:url(\"https:\/\/el-obrador.com\/wp-content\/uploads\/2026\/01\/CUIDAM_COLOR_UHD_20s_20251222.00_00_17_09.Still001.jpg\");}<\/style>\t\t<div data-elementor-type=\"jet-listing-items\" data-elementor-id=\"720\" class=\"elementor elementor-720\" data-elementor-post-type=\"jet-engine\">\n\t\t\t\t<a class=\"elementor-element elementor-element-da1e0aa e-con-full thumb-news animated-fast e-flex elementor-invisible e-con e-parent\" data-id=\"da1e0aa\" data-element_type=\"container\" data-e-type=\"container\" data-settings=\"{&quot;background_background&quot;:&quot;classic&quot;,&quot;animation&quot;:&quot;fadeInUp&quot;}\" href=\"https:\/\/el-obrador.com\/ca\/cuidam-el-nou-spot-de-la-fundacio-turisme-responsable-de-mallorca\/\">\n\t\t<div class=\"elementor-element elementor-element-e829b2f e-con-full e-flex e-con e-child\" data-id=\"e829b2f\" data-element_type=\"container\" data-e-type=\"container\" data-settings=\"{&quot;background_background&quot;:&quot;classic&quot;}\">\n\t\t\t\t<\/div>\n\t\t<div class=\"elementor-element elementor-element-d546c0d e-con-full e-flex e-con e-child\" data-id=\"d546c0d\" data-element_type=\"container\" data-e-type=\"container\">\n\t\t\t\t<div class=\"elementor-element elementor-element-362ea59 elementor-widget elementor-widget-heading\" data-id=\"362ea59\" data-element_type=\"widget\" data-e-type=\"widget\" data-widget_type=\"heading.default\">\n\t\t\t\t\t<h2 class=\"elementor-heading-title elementor-size-default\">CUIDA&#8217;M, EL NOU SPOT DE LA FUNDACI\u00d3 TURISME RESPONSABLE DE MALLORCA<\/h2>\t\t\t\t<\/div>\n\t\t\t\t<div class=\"elementor-element elementor-element-f6a88f3 elementor-widget elementor-widget-heading\" data-id=\"f6a88f3\" data-element_type=\"widget\" data-e-type=\"widget\" data-widget_type=\"heading.default\">\n\t\t\t\t\t<h6 class=\"elementor-heading-title elementor-size-default\">8 de gener de 2026<\/h6>\t\t\t\t<\/div>\n\t\t\t\t<div class=\"elementor-element elementor-element-f379779 elementor-widget elementor-widget-jet-listing-dynamic-field\" data-id=\"f379779\" data-element_type=\"widget\" data-e-type=\"widget\" data-widget_type=\"jet-listing-dynamic-field.default\">\n\t\t\t\t\t<div class=\"jet-listing-dynamic-field__replacement-wrap\"><div class=\"jet-listing-dynamic-field__content\" >Aquest Nadal ha sortit a la llum l&#8217;Spot que realitzem per a la Fundaci\u00f3 Mallorca Turisme Responsable. Amb m\u00fasica de Jaume Anglada, expliquem aquesta hist\u00f2ria per compartir una cosa que ens importa: el valor de conviure, de respectar, de protegir l&#8217;illa que tots estimem.<\/div><\/div>\t\t\t\t<\/div>\n\t\t\t\t<\/div>\n\t\t\t\t<\/a>\n\t\t\t\t<\/div>\n\t\t<\/div><div class=\"jet-listing-grid__item jet-listing-dynamic-post-2282 jet-listing-grid--749\" data-post-id=\"2282\"  ><style type=\"text\/css\">.jet-listing-dynamic-post-2282 .elementor-element.elementor-element-0445087:not(.elementor-motion-effects-element-type-background), .jet-listing-dynamic-post-2282 .elementor-element.elementor-element-0445087 > .elementor-motion-effects-container > .elementor-motion-effects-layer{background-image:url(\"https:\/\/el-obrador.com\/wp-content\/uploads\/2025\/11\/IMG_1557-e1762185346224.jpg\");}<\/style>\t\t<div data-elementor-type=\"jet-listing-items\" data-elementor-id=\"749\" class=\"elementor elementor-749\" data-elementor-post-type=\"jet-engine\">\n\t\t\t\t<a class=\"elementor-element elementor-element-ec968fb e-con-full thumb-news animated-fast e-flex elementor-invisible e-con e-parent\" data-id=\"ec968fb\" data-element_type=\"container\" data-e-type=\"container\" data-settings=\"{&quot;background_background&quot;:&quot;classic&quot;,&quot;animation&quot;:&quot;fadeInUp&quot;}\" href=\"https:\/\/el-obrador.com\/ca\/refugis-de-paper-gana-mejor-documental-balear-en-el-emiff\/\">\n\t\t<div class=\"elementor-element elementor-element-d1a47c7 e-con-full e-flex e-con e-child\" data-id=\"d1a47c7\" data-element_type=\"container\" data-e-type=\"container\">\n\t\t\t\t<div class=\"elementor-element elementor-element-9d6a209 elementor-widget elementor-widget-heading\" data-id=\"9d6a209\" data-element_type=\"widget\" data-e-type=\"widget\" data-widget_type=\"heading.default\">\n\t\t\t\t\t<h2 class=\"elementor-heading-title elementor-size-default\">REFUGIS DE PAPER GUANYA MILLOR DOCUMENTAL BALEAR A L&#8217;EMIFF<\/h2>\t\t\t\t<\/div>\n\t\t\t\t<div class=\"elementor-element elementor-element-a7dfa7d elementor-widget elementor-widget-heading\" data-id=\"a7dfa7d\" data-element_type=\"widget\" data-e-type=\"widget\" data-widget_type=\"heading.default\">\n\t\t\t\t\t<h6 class=\"elementor-heading-title elementor-size-default\">3 de novembre de 2025<\/h6>\t\t\t\t<\/div>\n\t\t\t\t<div class=\"elementor-element elementor-element-4ec9c0e elementor-widget elementor-widget-jet-listing-dynamic-field\" data-id=\"4ec9c0e\" data-element_type=\"widget\" data-e-type=\"widget\" data-widget_type=\"jet-listing-dynamic-field.default\">\n\t\t\t\t\t<div class=\"jet-listing-dynamic-field__replacement-wrap\"><div class=\"jet-listing-dynamic-field__content\" >Refugis de paper se lleva el premio a la mejor pel\u00edcula documental en el Evolution International Film Fest 2025. Agra\u00efm al festival per visibilitzar i creure en els documentals creatius arriscats que proposen mirades diferents, obren ments i llibres.<\/div><\/div>\t\t\t\t<\/div>\n\t\t\t\t<\/div>\n\t\t<div class=\"elementor-element elementor-element-0445087 e-con-full e-flex e-con e-child\" data-id=\"0445087\" data-element_type=\"container\" data-e-type=\"container\" data-settings=\"{&quot;background_background&quot;:&quot;classic&quot;}\">\n\t\t\t\t<\/div>\n\t\t\t\t<\/a>\n\t\t\t\t<\/div>\n\t\t<\/div><\/div><\/div>\t\t\t\t<\/div>\n\t\t\t\t<\/div>\n\t\t\t\t<\/div>\n\t\t","protected":false},"excerpt":{"rendered":"<p>el que fem, el que estrenem, el que pensem. Aquest \u00e9s el lloc on compartim la nostra activitat di\u00e0ria, els projectes en curs, les estrenes, els premis, les col\u00b7laboracions i les reflexions que ens mouen. Creiem en la transpar\u00e8ncia del proc\u00e9s creatiu i en la import\u00e0ncia d&#8217;explicar no nom\u00e9s les pel\u00b7l\u00edcules, sin\u00f3 tamb\u00e9 el que [&hellip;]<\/p>\n","protected":false},"author":22,"featured_media":0,"parent":0,"menu_order":16,"comment_status":"closed","ping_status":"closed","template":"","meta":{"footnotes":""},"class_list":["post-2136","page","type-page","status-publish","hentry"],"_links":{"self":[{"href":"https:\/\/el-obrador.com\/ca\/wp-json\/wp\/v2\/pages\/2136","targetHints":{"allow":["GET"]}}],"collection":[{"href":"https:\/\/el-obrador.com\/ca\/wp-json\/wp\/v2\/pages"}],"about":[{"href":"https:\/\/el-obrador.com\/ca\/wp-json\/wp\/v2\/types\/page"}],"author":[{"embeddable":true,"href":"https:\/\/el-obrador.com\/ca\/wp-json\/wp\/v2\/users\/22"}],"replies":[{"embeddable":true,"href":"https:\/\/el-obrador.com\/ca\/wp-json\/wp\/v2\/comments?post=2136"}],"version-history":[{"count":0,"href":"https:\/\/el-obrador.com\/ca\/wp-json\/wp\/v2\/pages\/2136\/revisions"}],"wp:attachment":[{"href":"https:\/\/el-obrador.com\/ca\/wp-json\/wp\/v2\/media?parent=2136"}],"curies":[{"name":"wp","href":"https:\/\/api.w.org\/{rel}","templated":true}]}}