{"id":2132,"date":"2025-09-18T23:07:22","date_gmt":"2025-09-18T21:07:22","guid":{"rendered":"https:\/\/el-obrador.com\/nosaltres\/"},"modified":"2025-09-18T23:07:22","modified_gmt":"2025-09-18T21:07:22","slug":"nosaltres","status":"publish","type":"page","link":"https:\/\/el-obrador.com\/ca\/nosaltres\/","title":{"rendered":"Nosaltres"},"content":{"rendered":"\t\t<div data-elementor-type=\"wp-page\" data-elementor-id=\"2132\" class=\"elementor elementor-2132 elementor-248\" data-elementor-post-type=\"page\">\n\t\t\t\t<div class=\"elementor-element elementor-element-b31891c e-con-full animated-slow e-flex elementor-invisible e-con e-parent\" data-id=\"b31891c\" data-element_type=\"container\" data-e-type=\"container\" data-settings=\"{&quot;animation&quot;:&quot;fadeIn&quot;}\">\n\t\t<div class=\"elementor-element elementor-element-f2d4e1c e-con-full e-flex e-con e-child\" data-id=\"f2d4e1c\" data-element_type=\"container\" data-e-type=\"container\">\n\t\t\t\t<div class=\"elementor-element elementor-element-5cfec57 elementor-widget elementor-widget-heading\" data-id=\"5cfec57\" data-element_type=\"widget\" data-e-type=\"widget\" data-widget_type=\"heading.default\">\n\t\t\t\t\t<h1 class=\"elementor-heading-title elementor-size-default\">Narem el real des de Mallorca\n<\/h1>\t\t\t\t<\/div>\n\t\t\t\t<\/div>\n\t\t<div class=\"elementor-element elementor-element-f1b03af e-con-full e-flex e-con e-child\" data-id=\"f1b03af\" data-element_type=\"container\" data-e-type=\"container\">\n\t\t\t\t<div class=\"elementor-element elementor-element-c573e6e elementor-widget__width-initial elementor-widget elementor-widget-text-editor\" data-id=\"c573e6e\" data-element_type=\"widget\" data-e-type=\"widget\" data-widget_type=\"text-editor.default\">\n\t\t\t\t\t\t\t\t\t<p><em>L&#8217;Obrador<\/em> neix el 2020 com una plataforma de creaci\u00f3, divulgaci\u00f3 i exhibici\u00f3 amb vocaci\u00f3 local i impacte internacional. \u00c9s un projecte independent sorgit de la productora Mosaic, amb m\u00e9s de 17 anys d&#8217;experi\u00e8ncia i una filmografia seleccionada a festivals com IDFA, Seminci o M\u00e0laga. <\/p><p>Des de Mallorca produ\u00efm documentals d&#8217;autor, peces per a televisi\u00f3, plataformes digitals i campanyes per a marques i institucions. Creiem en el poder de la no-ficci\u00f3 per emocionar, transformar i construir mem\u00f2ria col\u00b7lectiva. Oferim formaci\u00f3 en cinema documental, assessoria ia m\u00e9s organitzem Majordocs.  <\/p><p>A trav\u00e9s del nostre equip creatiu i de producci\u00f3, cuidem cada detall per construir narratives que connectin de manera honesta i profunda amb les persones.<\/p><p><strong><em>Creiem que les millors hist\u00f2ries s\u00f3n reals.<\/em><\/strong><\/p>\t\t\t\t\t\t\t\t<\/div>\n\t\t\t\t<\/div>\n\t\t\t\t<\/div>\n\t\t<div class=\"elementor-element elementor-element-d1bdd5e e-con-full animated-slow e-flex elementor-invisible e-con e-parent\" data-id=\"d1bdd5e\" data-element_type=\"container\" data-e-type=\"container\" data-settings=\"{&quot;background_background&quot;:&quot;classic&quot;,&quot;animation&quot;:&quot;fadeIn&quot;,&quot;animation_delay&quot;:1000}\">\n\t\t<div class=\"elementor-element elementor-element-56c8f69 e-con-full e-flex e-con e-child\" data-id=\"56c8f69\" data-element_type=\"container\" data-e-type=\"container\">\n\t\t\t\t<div class=\"elementor-element elementor-element-1064732 elementor-widget elementor-widget-heading\" data-id=\"1064732\" data-element_type=\"widget\" data-e-type=\"widget\" data-widget_type=\"heading.default\">\n\t\t\t\t\t<h2 class=\"elementor-heading-title elementor-size-default\">L'equip\n<\/h2>\t\t\t\t<\/div>\n\t\t\t\t<\/div>\n\t\t<div class=\"elementor-element elementor-element-542c502 e-con-full e-flex e-con e-child\" data-id=\"542c502\" data-element_type=\"container\" data-e-type=\"container\">\n\t\t\t\t<div class=\"elementor-element elementor-element-0307a08 elementor-widget__width-initial elementor-widget elementor-widget-text-editor\" data-id=\"0307a08\" data-element_type=\"widget\" data-e-type=\"widget\" data-widget_type=\"text-editor.default\">\n\t\t\t\t\t\t\t\t\t<p>A El Obrador treballem de forma col\u00b7laborativa, unint experi\u00e8ncia, sensibilitat art\u00edstica i domini t\u00e8cnic. Som un equip vers\u00e0til que acompanya cada projecte des de la idea inicial fins a la seva exhibici\u00f3 final. <\/p>\t\t\t\t\t\t\t\t<\/div>\n\t\t\t\t<div class=\"elementor-element elementor-element-c56fd9b elementor-widget__width-initial people elementor-widget-mobile__width-inherit elementor-cta--skin-classic elementor-animated-content elementor-widget elementor-widget-call-to-action\" data-id=\"c56fd9b\" data-element_type=\"widget\" data-e-type=\"widget\" data-widget_type=\"call-to-action.default\">\n\t\t\t\t\t\t\t<a class=\"elementor-cta\" href=\"https:\/\/www.linkedin.com\/in\/migueleek\/\" target=\"_blank\" rel=\"noopener noreferrer nofollow\">\n\t\t\t\t\t<div class=\"elementor-cta__bg-wrapper\">\n\t\t\t\t<div class=\"elementor-cta__bg elementor-bg\" style=\"background-image: url(https:\/\/el-obrador.com\/wp-content\/uploads\/2025\/09\/2025-09-03_01-23-45.jpg);\" role=\"img\" aria-label=\"2025-09-03_01-23-45\"><\/div>\n\t\t\t\t<div class=\"elementor-cta__bg-overlay\"><\/div>\n\t\t\t<\/div>\n\t\t\t\t\t\t\t<div class=\"elementor-cta__content\">\n\t\t\t\t\n\t\t\t\t\t\t\t\t\t<h4 class=\"elementor-cta__title elementor-cta__content-item elementor-content-item\">\n\t\t\t\t\t\tMiguel Eek\t\t\t\t\t<\/h4>\n\t\t\t\t\n\t\t\t\t\t\t\t\t\t<div class=\"elementor-cta__description elementor-cta__content-item elementor-content-item\">\n\t\t\t\t\t\tCineasta documental i fundador de l'Obrador. Dirigeix \u200b\u200bprojectes d\u00b4autor, coordina l\u00ednies editorials i lidera l\u00b4enfocament art\u00edstic de cada producci\u00f3. La seva obra ha estat premiada i projectada a festivals internacionals, i combina experi\u00e8ncia narrativa amb una mirada humanista.  \t\t\t\t\t<\/div>\n\t\t\t\t\n\t\t\t\t\t\t\t\t\t<div class=\"elementor-cta__button-wrapper elementor-cta__content-item elementor-content-item \">\n\t\t\t\t\t<span class=\"elementor-cta__button elementor-button elementor-size-\">\n\t\t\t\t\t\tDirector creatiu\t\t\t\t\t<\/span>\n\t\t\t\t\t<\/div>\n\t\t\t\t\t\t\t<\/div>\n\t\t\t\t\t\t<\/a>\n\t\t\t\t\t\t<\/div>\n\t\t\t\t<div class=\"elementor-element elementor-element-bf7b58f elementor-widget__width-initial people elementor-widget-mobile__width-inherit elementor-cta--skin-classic elementor-animated-content elementor-widget elementor-widget-call-to-action\" data-id=\"bf7b58f\" data-element_type=\"widget\" data-e-type=\"widget\" data-widget_type=\"call-to-action.default\">\n\t\t\t\t\t\t\t<a class=\"elementor-cta\" href=\"https:\/\/www.linkedin.com\/in\/javierdelalamob\/\" target=\"_blank\" rel=\"noopener noreferrer nofollow\">\n\t\t\t\t\t<div class=\"elementor-cta__bg-wrapper\">\n\t\t\t\t<div class=\"elementor-cta__bg elementor-bg\" style=\"background-image: url(https:\/\/el-obrador.com\/wp-content\/uploads\/2025\/09\/2025-09-03_01-22-46.jpg);\" role=\"img\" aria-label=\"2025-09-03_01-22-46\"><\/div>\n\t\t\t\t<div class=\"elementor-cta__bg-overlay\"><\/div>\n\t\t\t<\/div>\n\t\t\t\t\t\t\t<div class=\"elementor-cta__content\">\n\t\t\t\t\n\t\t\t\t\t\t\t\t\t<h4 class=\"elementor-cta__title elementor-cta__content-item elementor-content-item\">\n\t\t\t\t\t\tJavier de l'\u00c0lber\t\t\t\t\t<\/h4>\n\t\t\t\t\n\t\t\t\t\t\t\t\t\t<div class=\"elementor-cta__description elementor-cta__content-item elementor-content-item\">\n\t\t\t\t\t\tResponsable de la planificaci\u00f3, la gesti\u00f3 d'equips i la viabilitat de tots els projectes. Amb una llarga traject\u00f2ria en producci\u00f3 executiva, garanteix que cada projecte es faci amb efici\u00e8ncia, cura del detall i respecte pels processos creatius. \t\t\t\t\t<\/div>\n\t\t\t\t\n\t\t\t\t\t\t\t\t\t<div class=\"elementor-cta__button-wrapper elementor-cta__content-item elementor-content-item \">\n\t\t\t\t\t<span class=\"elementor-cta__button elementor-button elementor-size-\">\n\t\t\t\t\t\tDirector de producci\u00f3 i finances\t\t\t\t\t<\/span>\n\t\t\t\t\t<\/div>\n\t\t\t\t\t\t\t<\/div>\n\t\t\t\t\t\t<\/a>\n\t\t\t\t\t\t<\/div>\n\t\t\t\t<div class=\"elementor-element elementor-element-e19f1fe elementor-widget__width-initial people elementor-widget-mobile__width-inherit elementor-cta--skin-classic elementor-animated-content elementor-widget elementor-widget-call-to-action\" data-id=\"e19f1fe\" data-element_type=\"widget\" data-e-type=\"widget\" data-widget_type=\"call-to-action.default\">\n\t\t\t\t\t\t\t<a class=\"elementor-cta\" href=\"https:\/\/www.linkedin.com\/in\/carme-sm\/\" target=\"_blank\" rel=\"noopener noreferrer nofollow\">\n\t\t\t\t\t<div class=\"elementor-cta__bg-wrapper\">\n\t\t\t\t<div class=\"elementor-cta__bg elementor-bg\" style=\"background-image: url(https:\/\/el-obrador.com\/wp-content\/uploads\/2025\/09\/CARME_fotoperfil-800x991.jpg);\" role=\"img\" aria-label=\"CARME_fotoperfil\"><\/div>\n\t\t\t\t<div class=\"elementor-cta__bg-overlay\"><\/div>\n\t\t\t<\/div>\n\t\t\t\t\t\t\t<div class=\"elementor-cta__content\">\n\t\t\t\t\n\t\t\t\t\t\t\t\t\t<h4 class=\"elementor-cta__title elementor-cta__content-item elementor-content-item\">\n\t\t\t\t\t\tCarme Servalls\t\t\t\t\t<\/h4>\n\t\t\t\t\n\t\t\t\t\t\t\t\t\t<div class=\"elementor-cta__description elementor-cta__content-item elementor-content-item\">\n\t\t\t\t\t\tSupervisa els processos t\u00e8cnics i art\u00edstics de muntatge, color, so i acabament. \u00c9s el nexe entre la visi\u00f3 del director i els equips de postproducci\u00f3, assegurant la coher\u00e8ncia est\u00e8tica i la qualitat final de cada pe\u00e7a. \t\t\t\t\t<\/div>\n\t\t\t\t\n\t\t\t\t\t\t\t\t\t<div class=\"elementor-cta__button-wrapper elementor-cta__content-item elementor-content-item \">\n\t\t\t\t\t<span class=\"elementor-cta__button elementor-button elementor-size-\">\n\t\t\t\t\t\tCoordinadora de producci\u00f3\t\t\t\t\t<\/span>\n\t\t\t\t\t<\/div>\n\t\t\t\t\t\t\t<\/div>\n\t\t\t\t\t\t<\/a>\n\t\t\t\t\t\t<\/div>\n\t\t\t\t<div class=\"elementor-element elementor-element-253e368 elementor-widget__width-initial people elementor-widget-mobile__width-inherit elementor-cta--skin-classic elementor-animated-content elementor-widget elementor-widget-call-to-action\" data-id=\"253e368\" data-element_type=\"widget\" data-e-type=\"widget\" data-widget_type=\"call-to-action.default\">\n\t\t\t\t\t\t\t<a class=\"elementor-cta\" href=\"#\">\n\t\t\t\t\t<div class=\"elementor-cta__bg-wrapper\">\n\t\t\t\t<div class=\"elementor-cta__bg elementor-bg\" style=\"background-image: url(https:\/\/el-obrador.com\/wp-content\/uploads\/2025\/09\/2025-09-03_01-25-31.jpg);\" role=\"img\" aria-label=\"2025-09-03_01-25-31\"><\/div>\n\t\t\t\t<div class=\"elementor-cta__bg-overlay\"><\/div>\n\t\t\t<\/div>\n\t\t\t\t\t\t\t<div class=\"elementor-cta__content\">\n\t\t\t\t\n\t\t\t\t\t\t\t\t\t<h4 class=\"elementor-cta__title elementor-cta__content-item elementor-content-item\">\n\t\t\t\t\t\tJaime Muguruza\t\t\t\t\t<\/h4>\n\t\t\t\t\n\t\t\t\t\t\t\t\t\t<div class=\"elementor-cta__description elementor-cta__content-item elementor-content-item\">\n\t\t\t\t\t\tProductor de cinema i advocat. Productor executiu de diversos films aix\u00ed com del festival Majordocs. Responsable de seguiment i finan\u00e7ament dels projectes en curs i futurs.  \t\t\t\t\t<\/div>\n\t\t\t\t\n\t\t\t\t\t\t\t\t\t<div class=\"elementor-cta__button-wrapper elementor-cta__content-item elementor-content-item \">\n\t\t\t\t\t<span class=\"elementor-cta__button elementor-button elementor-size-\">\n\t\t\t\t\t\tProductor i legal  \t\t\t\t\t<\/span>\n\t\t\t\t\t<\/div>\n\t\t\t\t\t\t\t<\/div>\n\t\t\t\t\t\t<\/a>\n\t\t\t\t\t\t<\/div>\n\t\t\t\t<div class=\"elementor-element elementor-element-3c49d79 elementor-widget__width-inherit elementor-widget-laptop__width-inherit elementor-widget elementor-widget-spacer\" data-id=\"3c49d79\" data-element_type=\"widget\" data-e-type=\"widget\" data-widget_type=\"spacer.default\">\n\t\t\t\t\t\t\t<div class=\"elementor-spacer\">\n\t\t\t<div class=\"elementor-spacer-inner\"><\/div>\n\t\t<\/div>\n\t\t\t\t\t\t<\/div>\n\t\t\t\t<\/div>\n\t\t\t\t<\/div>\n\t\t\t\t<\/div>\n\t\t","protected":false},"excerpt":{"rendered":"<p>Narem el real des de Mallorca L&#8217;Obrador neix el 2020 com una plataforma de creaci\u00f3, divulgaci\u00f3 i exhibici\u00f3 amb vocaci\u00f3 local i impacte internacional. \u00c9s un projecte independent sorgit de la productora Mosaic, amb m\u00e9s de 17 anys d&#8217;experi\u00e8ncia i una filmografia seleccionada a festivals com IDFA, Seminci o M\u00e0laga. Des de Mallorca produ\u00efm documentals [&hellip;]<\/p>\n","protected":false},"author":22,"featured_media":0,"parent":0,"menu_order":20,"comment_status":"closed","ping_status":"closed","template":"","meta":{"footnotes":""},"class_list":["post-2132","page","type-page","status-publish","hentry"],"_links":{"self":[{"href":"https:\/\/el-obrador.com\/ca\/wp-json\/wp\/v2\/pages\/2132","targetHints":{"allow":["GET"]}}],"collection":[{"href":"https:\/\/el-obrador.com\/ca\/wp-json\/wp\/v2\/pages"}],"about":[{"href":"https:\/\/el-obrador.com\/ca\/wp-json\/wp\/v2\/types\/page"}],"author":[{"embeddable":true,"href":"https:\/\/el-obrador.com\/ca\/wp-json\/wp\/v2\/users\/22"}],"replies":[{"embeddable":true,"href":"https:\/\/el-obrador.com\/ca\/wp-json\/wp\/v2\/comments?post=2132"}],"version-history":[{"count":0,"href":"https:\/\/el-obrador.com\/ca\/wp-json\/wp\/v2\/pages\/2132\/revisions"}],"wp:attachment":[{"href":"https:\/\/el-obrador.com\/ca\/wp-json\/wp\/v2\/media?parent=2132"}],"curies":[{"name":"wp","href":"https:\/\/api.w.org\/{rel}","templated":true}]}}