{"id":2130,"date":"2025-09-18T23:06:16","date_gmt":"2025-09-18T21:06:16","guid":{"rendered":"https:\/\/el-obrador.com\/presupuesto-online\/"},"modified":"2025-09-19T01:01:32","modified_gmt":"2025-09-18T23:01:32","slug":"presupuesto-online","status":"publish","type":"page","link":"https:\/\/el-obrador.com\/ca\/presupuesto-online\/","title":{"rendered":"PRESSUPOST ONLINE"},"content":{"rendered":"\t\t<div data-elementor-type=\"wp-page\" data-elementor-id=\"2130\" class=\"elementor elementor-2130 elementor-1508\" data-elementor-post-type=\"page\">\n\t\t\t\t<div class=\"elementor-element elementor-element-db0de74 e-con-full e-flex e-con e-parent\" data-id=\"db0de74\" data-element_type=\"container\" data-e-type=\"container\">\n\t\t<div class=\"elementor-element elementor-element-41bb549 e-con-full e-flex e-con e-child\" data-id=\"41bb549\" data-element_type=\"container\" data-e-type=\"container\" data-settings=\"{&quot;sticky&quot;:&quot;top&quot;,&quot;sticky_on&quot;:[&quot;desktop&quot;,&quot;laptop&quot;],&quot;sticky_offset&quot;:170,&quot;sticky_parent&quot;:&quot;yes&quot;,&quot;sticky_effects_offset&quot;:0,&quot;sticky_anchor_link_offset&quot;:0}\">\n\t\t\t\t<div class=\"elementor-element elementor-element-4c16d71 elementor-invisible elementor-widget elementor-widget-heading\" data-id=\"4c16d71\" data-element_type=\"widget\" data-e-type=\"widget\" data-settings=\"{&quot;_animation&quot;:&quot;fadeIn&quot;,&quot;_animation_delay&quot;:750}\" data-widget_type=\"heading.default\">\n\t\t\t\t\t<h1 class=\"elementor-heading-title elementor-size-default\">PRESSUPOST ONLINE\n<\/h1>\t\t\t\t<\/div>\n\t\t\t\t<div class=\"elementor-element elementor-element-3f94bfe elementor-invisible elementor-widget elementor-widget-heading\" data-id=\"3f94bfe\" data-element_type=\"widget\" data-e-type=\"widget\" data-settings=\"{&quot;_animation&quot;:&quot;fadeIn&quot;,&quot;_animation_delay&quot;:1000}\" data-widget_type=\"heading.default\">\n\t\t\t\t\t<h2 class=\"elementor-heading-title elementor-size-default\">Explica'ns sobre el teu projecte\n<\/h2>\t\t\t\t<\/div>\n\t\t\t\t<\/div>\n\t\t<div class=\"elementor-element elementor-element-623a426 e-con-full animated-slow e-flex elementor-invisible e-con e-child\" data-id=\"623a426\" data-element_type=\"container\" data-e-type=\"container\" data-settings=\"{&quot;animation&quot;:&quot;fadeIn&quot;,&quot;animation_delay&quot;:1200}\">\n\t\t\t\t<div class=\"elementor-element elementor-element-739ec6c elementor-widget__width-initial presu elementor-button-align-stretch elementor-widget elementor-widget-form\" data-id=\"739ec6c\" data-element_type=\"widget\" data-e-type=\"widget\" data-settings=\"{&quot;step_next_label&quot;:&quot;Seg\\u00fcent&quot;,&quot;step_previous_label&quot;:&quot;Anterior&quot;,&quot;button_width&quot;:&quot;100&quot;,&quot;step_type&quot;:&quot;number_text&quot;,&quot;step_icon_shape&quot;:&quot;circle&quot;}\" data-widget_type=\"form.default\">\n\t\t\t\t\t<template id=\"cfef_logic_data_739ec6c\" class=\"cfef_logic_data_js\" data-form-id=\"739ec6c\">{&quot;field_fc33784&quot;:{&quot;display_mode&quot;:&quot;show&quot;,&quot;fire_action&quot;:&quot;All&quot;,&quot;file_types&quot;:&quot;png&quot;,&quot;logic_data&quot;:[{&quot;cfef_logic_field_id&quot;:&quot;donde&quot;,&quot;cfef_logic_field_is&quot;:&quot;==&quot;,&quot;cfef_logic_compare_value&quot;:&quot;Otros&quot;,&quot;_id&quot;:&quot;789dbc8&quot;}]},&quot;field_faa2fdc&quot;:{&quot;display_mode&quot;:&quot;show&quot;,&quot;fire_action&quot;:&quot;All&quot;,&quot;file_types&quot;:&quot;png&quot;,&quot;logic_data&quot;:[{&quot;cfef_logic_field_id&quot;:&quot;donde_trabajo&quot;,&quot;cfef_logic_field_is&quot;:&quot;==&quot;,&quot;cfef_logic_compare_value&quot;:&quot;Otros&quot;,&quot;_id&quot;:&quot;789dbc8&quot;}]},&quot;field_ec005f5&quot;:{&quot;display_mode&quot;:&quot;show&quot;,&quot;fire_action&quot;:&quot;All&quot;,&quot;file_types&quot;:&quot;png&quot;,&quot;logic_data&quot;:[{&quot;cfef_logic_field_id&quot;:&quot;subtitles&quot;,&quot;cfef_logic_field_is&quot;:&quot;==&quot;,&quot;cfef_logic_compare_value&quot;:&quot;S\\u00ed&quot;,&quot;_id&quot;:&quot;789dbc8&quot;}]},&quot;field_e13c689&quot;:{&quot;display_mode&quot;:&quot;show&quot;,&quot;fire_action&quot;:&quot;All&quot;,&quot;file_types&quot;:&quot;png&quot;,&quot;logic_data&quot;:[{&quot;cfef_logic_field_id&quot;:&quot;objetivo&quot;,&quot;cfef_logic_field_is&quot;:&quot;==&quot;,&quot;cfef_logic_compare_value&quot;:&quot;Otro&quot;,&quot;_id&quot;:&quot;789dbc8&quot;}]}}<\/template>\t\t<form class=\"elementor-form\" method=\"post\" name=\"Nou formulari\" aria-label=\"Nou formulari\">\n\t\t\t<input type=\"hidden\" name=\"post_id\" value=\"2130\"\/>\n\t\t\t<input type=\"hidden\" name=\"form_id\" value=\"739ec6c\"\/>\n\t\t\t<input type=\"hidden\" name=\"referer_title\" value=\"\" \/>\n\n\t\t\t\n\t\t\t<div class=\"elementor-form-fields-wrapper elementor-labels-above\">\n\t\t\t\t\t\t\t\t<div class=\"elementor-field-type-text elementor-field-group elementor-column elementor-field-group-name elementor-col-100 elementor-field-required elementor-mark-required\">\n\t\t\t\t\t\t\t\t\t\t\t\t<label for=\"form-field-name\" class=\"elementor-field-label\">\n\t\t\t\t\t\t\t\tNom complet\t\t\t\t\t\t\t<\/label>\n\t\t\t\t\t\t\t\t\t\t\t\t\t\t<input size=\"1\" type=\"text\" name=\"form_fields[name]\" id=\"form-field-name\" class=\"elementor-field elementor-size-sm  elementor-field-textual\" required=\"required\">\n\t\t\t\t\t\t\t\t\t\t\t<\/div>\n\t\t\t\t\t\t\t\t<div class=\"elementor-field-type-email elementor-field-group elementor-column elementor-field-group-email elementor-col-50 elementor-field-required elementor-mark-required\">\n\t\t\t\t\t\t\t\t\t\t\t\t<label for=\"form-field-email\" class=\"elementor-field-label\">\n\t\t\t\t\t\t\t\tEmail de contacte\t\t\t\t\t\t\t<\/label>\n\t\t\t\t\t\t\t\t\t\t\t\t\t\t<input size=\"1\" type=\"email\" name=\"form_fields[email]\" id=\"form-field-email\" class=\"elementor-field elementor-size-sm  elementor-field-textual\" required=\"required\">\n\t\t\t\t\t\t\t\t\t\t\t<\/div>\n\t\t\t\t\t\t\t\t<div class=\"elementor-field-type-text elementor-field-group elementor-column elementor-field-group-field_4e03405 elementor-col-50\">\n\t\t\t\t\t\t\t\t\t\t\t\t<label for=\"form-field-field_4e03405\" class=\"elementor-field-label\">\n\t\t\t\t\t\t\t\tTel\u00e8fon\t\t\t\t\t\t\t<\/label>\n\t\t\t\t\t\t\t\t\t\t\t\t\t\t<input size=\"1\" type=\"text\" name=\"form_fields[field_4e03405]\" id=\"form-field-field_4e03405\" class=\"elementor-field elementor-size-sm  elementor-field-textual\">\n\t\t\t\t\t\t\t\t\t\t\t<\/div>\n\t\t\t\t\t\t\t\t<div class=\"elementor-field-type-radio elementor-field-group elementor-column elementor-field-group-field_8412376 elementor-col-100 elementor-field-required elementor-mark-required\">\n\t\t\t\t\t\t\t\t\t\t\t\t<label for=\"form-field-field_8412376\" class=\"elementor-field-label\">\n\t\t\t\t\t\t\t\tQuin \u00e9s el teu pressupost estimat per a aquest projecte?\t\t\t\t\t\t\t<\/label>\n\t\t\t\t\t\t<div class=\"elementor-field-subgroup  elementor-subgroup-inline\"><span class=\"elementor-field-option\"><input type=\"radio\" value=\"Baix (menys de 3.000 \u20ac)\" id=\"form-field-field_8412376-0\" name=\"form_fields[field_8412376]\" required=\"required\"> <label for=\"form-field-field_8412376-0\">Baix (menys de 3.000 \u20ac)<\/label><\/span><span class=\"elementor-field-option\"><input type=\"radio\" value=\" Mitj\u00e0 (entre 3.000 \u20ac i 6.000 \u20ac)\" id=\"form-field-field_8412376-1\" name=\"form_fields[field_8412376]\" required=\"required\"> <label for=\"form-field-field_8412376-1\"> Mitj\u00e0 (entre 3.000 \u20ac i 6.000 \u20ac)<\/label><\/span><span class=\"elementor-field-option\"><input type=\"radio\" value=\" Alt (m\u00e9s de 6.000 \u20ac)\" id=\"form-field-field_8412376-2\" name=\"form_fields[field_8412376]\" required=\"required\"> <label for=\"form-field-field_8412376-2\"> Alt (m\u00e9s de 6.000 \u20ac)<\/label><\/span><span class=\"elementor-field-option\"><input type=\"radio\" value=\" Encara no ho s\u00e9\" id=\"form-field-field_8412376-3\" name=\"form_fields[field_8412376]\" required=\"required\"> <label for=\"form-field-field_8412376-3\"> Encara no ho s\u00e9<\/label><\/span><\/div>\t\t\t\t<\/div>\n\t\t\t\t\t\t\t\t<div class=\"elementor-field-type-checkbox elementor-field-group elementor-column elementor-field-group-donde elementor-col-100\">\n\t\t\t\t\t\t\t\t\t\t\t\t<label for=\"form-field-donde\" class=\"elementor-field-label\">\n\t\t\t\t\t\t\t\tOn es rodaria el projecte?<span class=\"sp_inline\">Marca totes les opcions que apliquin<\/span>\t\t\t\t\t\t\t<\/label>\n\t\t\t\t\t\t<div class=\"elementor-field-subgroup  elementor-subgroup-inline\"><span class=\"elementor-field-option\"><input type=\"checkbox\" value=\"Palma\" id=\"form-field-donde-0\" name=\"form_fields[donde][]\"> <label for=\"form-field-donde-0\">Palma<\/label><\/span><span class=\"elementor-field-option\"><input type=\"checkbox\" value=\" Resta de Mallorca\" id=\"form-field-donde-1\" name=\"form_fields[donde][]\"> <label for=\"form-field-donde-1\"> Resta de Mallorca<\/label><\/span><span class=\"elementor-field-option\"><input type=\"checkbox\" value=\" Balears\" id=\"form-field-donde-2\" name=\"form_fields[donde][]\"> <label for=\"form-field-donde-2\"> Balears<\/label><\/span><span class=\"elementor-field-option\"><input type=\"checkbox\" value=\" Pen\u00ednsula\" id=\"form-field-donde-3\" name=\"form_fields[donde][]\"> <label for=\"form-field-donde-3\"> Pen\u00ednsula<\/label><\/span><span class=\"elementor-field-option\"><input type=\"checkbox\" value=\" Europa\" id=\"form-field-donde-4\" name=\"form_fields[donde][]\"> <label for=\"form-field-donde-4\"> Europa<\/label><\/span><span class=\"elementor-field-option\"><input type=\"checkbox\" value=\" Altres\" id=\"form-field-donde-5\" name=\"form_fields[donde][]\"> <label for=\"form-field-donde-5\"> Altres<\/label><\/span><\/div>\t\t\t\t<\/div>\n\t\t\t\t\t\t\t\t<div class=\"elementor-field-type-textarea elementor-field-group elementor-column elementor-field-group-field_fc33784 elementor-col-100 elementor-field-required elementor-mark-required\">\n\t\t\t\t\t<textarea class=\"elementor-field-textual elementor-field  elementor-size-sm\" name=\"form_fields[field_fc33784]\" id=\"form-field-field_fc33784\" rows=\"2\" placeholder=\"Especificar\" required=\"required\"><\/textarea>\t\t\t\t<\/div>\n\t\t\t\t\t\t\t\t<div class=\"elementor-field-type-checkbox elementor-field-group elementor-column elementor-field-group-donde_trabajo elementor-col-100\">\n\t\t\t\t\t\t\t\t\t\t\t\t<label for=\"form-field-donde_trabajo\" class=\"elementor-field-label\">\n\t\t\t\t\t\t\t\tOn es veur\u00e0 aquesta feina?\t\t\t\t\t\t\t<\/label>\n\t\t\t\t\t\t<div class=\"elementor-field-subgroup  elementor-subgroup-inline\"><span class=\"elementor-field-option\"><input type=\"checkbox\" value=\"Cinemes\" id=\"form-field-donde_trabajo-0\" name=\"form_fields[donde_trabajo][]\"> <label for=\"form-field-donde_trabajo-0\">Cinemes<\/label><\/span><span class=\"elementor-field-option\"><input type=\"checkbox\" value=\" Televisi\u00f3\" id=\"form-field-donde_trabajo-1\" name=\"form_fields[donde_trabajo][]\"> <label for=\"form-field-donde_trabajo-1\"> Televisi\u00f3<\/label><\/span><span class=\"elementor-field-option\"><input type=\"checkbox\" value=\" Xarxes socials\" id=\"form-field-donde_trabajo-2\" name=\"form_fields[donde_trabajo][]\"> <label for=\"form-field-donde_trabajo-2\"> Xarxes socials<\/label><\/span><span class=\"elementor-field-option\"><input type=\"checkbox\" value=\" Esdeveniment privat o institucional\" id=\"form-field-donde_trabajo-3\" name=\"form_fields[donde_trabajo][]\"> <label for=\"form-field-donde_trabajo-3\"> Esdeveniment privat o institucional<\/label><\/span><span class=\"elementor-field-option\"><input type=\"checkbox\" value=\" Web corporativa\" id=\"form-field-donde_trabajo-4\" name=\"form_fields[donde_trabajo][]\"> <label for=\"form-field-donde_trabajo-4\"> Web corporativa<\/label><\/span><span class=\"elementor-field-option\"><input type=\"checkbox\" value=\" Altres\" id=\"form-field-donde_trabajo-5\" name=\"form_fields[donde_trabajo][]\"> <label for=\"form-field-donde_trabajo-5\"> Altres<\/label><\/span><\/div>\t\t\t\t<\/div>\n\t\t\t\t\t\t\t\t<div class=\"elementor-field-type-textarea elementor-field-group elementor-column elementor-field-group-field_faa2fdc elementor-col-100 elementor-field-required elementor-mark-required\">\n\t\t\t\t\t<textarea class=\"elementor-field-textual elementor-field  elementor-size-sm\" name=\"form_fields[field_faa2fdc]\" id=\"form-field-field_faa2fdc\" rows=\"2\" placeholder=\"Especificar\" required=\"required\"><\/textarea>\t\t\t\t<\/div>\n\t\t\t\t\t\t\t\t<div class=\"elementor-field-type-number elementor-field-group elementor-column elementor-field-group-field_19944db elementor-col-50 elementor-field-required elementor-mark-required\">\n\t\t\t\t\t\t\t\t\t\t\t\t<label for=\"form-field-field_19944db\" class=\"elementor-field-label\">\n\t\t\t\t\t\t\t\t  Quina durada imagines per a la pe\u00e7a?  <span>(minuts)<\/span>\t\t\t\t\t\t\t<\/label>\n\t\t\t\t\t\t\t\t\t<input type=\"number\" name=\"form_fields[field_19944db]\" id=\"form-field-field_19944db\" class=\"elementor-field elementor-size-sm  elementor-field-textual\" required=\"required\" min=\"\" max=\"\" >\n\t\t\t\t\t\t<\/div>\n\t\t\t\t\t\t\t\t<div class=\"elementor-field-type-text elementor-field-group elementor-column elementor-field-group-field_cc1c5c9 elementor-col-50 elementor-field-required elementor-mark-required\">\n\t\t\t\t\t\t\t\t\t\t\t\t<label for=\"form-field-field_cc1c5c9\" class=\"elementor-field-label\">\n\t\t\t\t\t\t\t\t  Idioma principal del projecte\t\t\t\t\t\t\t<\/label>\n\t\t\t\t\t\t\t\t\t\t\t\t\t\t<input size=\"1\" type=\"text\" name=\"form_fields[field_cc1c5c9]\" id=\"form-field-field_cc1c5c9\" class=\"elementor-field elementor-size-sm  elementor-field-textual\" required=\"required\">\n\t\t\t\t\t\t\t\t\t\t\t<\/div>\n\t\t\t\t\t\t\t\t<div class=\"elementor-field-type-select elementor-field-group elementor-column elementor-field-group-select_id elementor-col-100 elementor-field-required elementor-mark-required\">\n\t\t\t\t\t\t\t\t\t\t\t\t<label for=\"form-field-select_id\" class=\"elementor-field-label\">\n\t\t\t\t\t\t\t\tCompteu amb material d'arxiu o caldria rodar-ho tot?\t\t\t\t\t\t\t<\/label>\n\t\t\t\t\t\t\t\t<div class=\"elementor-field elementor-select-wrapper remove-before \">\n\t\t\t<div class=\"select-caret-down-wrapper\">\n\t\t\t\t<svg aria-hidden=\"true\" class=\"e-font-icon-svg e-eicon-caret-down\" viewBox=\"0 0 571.4 571.4\" xmlns=\"http:\/\/www.w3.org\/2000\/svg\"><path d=\"M571 393Q571 407 561 418L311 668Q300 679 286 679T261 668L11 418Q0 407 0 393T11 368 36 357H536Q550 357 561 368T571 393Z\"><\/path><\/svg>\t\t\t<\/div>\n\t\t\t<select name=\"form_fields[select_id]\" id=\"form-field-select_id\" class=\"elementor-field-textual elementor-size-sm\" required=\"required\">\n\t\t\t\t\t\t\t\t\t<option value=\"Tinc material de fitxer que m&#039;agradaria incloure\">Tinc material de fitxer que m&#039;agradaria incloure<\/option>\n\t\t\t\t\t\t\t\t\t<option value=\" S&#039;hauria de rodar \u00edntegrament\"> S&#039;hauria de rodar \u00edntegrament<\/option>\n\t\t\t\t\t\t\t\t\t<option value=\" Una combinaci\u00f3 de tots dos\"> Una combinaci\u00f3 de tots dos<\/option>\n\t\t\t\t\t\t\t<\/select>\n\t\t<\/div>\n\t\t\t\t\t\t<\/div>\n\t\t\t\t\t\t\t\t<div class=\"elementor-field-type-radio elementor-field-group elementor-column elementor-field-group-subtitles elementor-col-50\">\n\t\t\t\t\t\t\t\t\t\t\t\t<label for=\"form-field-subtitles\" class=\"elementor-field-label\">\n\t\t\t\t\t\t\t\tNecessitar\u00edeu subt\u00edtols?\t\t\t\t\t\t\t<\/label>\n\t\t\t\t\t\t<div class=\"elementor-field-subgroup  elementor-subgroup-inline\"><span class=\"elementor-field-option\"><input type=\"radio\" value=\"No\" id=\"form-field-subtitles-0\" name=\"form_fields[subtitles]\"> <label for=\"form-field-subtitles-0\">No<\/label><\/span><span class=\"elementor-field-option\"><input type=\"radio\" value=\" S\u00ed\" id=\"form-field-subtitles-1\" name=\"form_fields[subtitles]\"> <label for=\"form-field-subtitles-1\"> S\u00ed<\/label><\/span><\/div>\t\t\t\t<\/div>\n\t\t\t\t\t\t\t\t<div class=\"elementor-field-type-text elementor-field-group elementor-column elementor-field-group-field_ec005f5 elementor-col-50 elementor-field-required elementor-mark-required\">\n\t\t\t\t\t\t\t\t\t\t\t\t<label for=\"form-field-field_ec005f5\" class=\"elementor-field-label\">\n\t\t\t\t\t\t\t\tIdioma\t\t\t\t\t\t\t<\/label>\n\t\t\t\t\t\t\t\t\t\t\t\t\t\t<input size=\"1\" type=\"text\" name=\"form_fields[field_ec005f5]\" id=\"form-field-field_ec005f5\" class=\"elementor-field elementor-size-sm  elementor-field-textual\" required=\"required\">\n\t\t\t\t\t\t\t\t\t\t\t<\/div>\n\t\t\t\t\t\t\t\t<div class=\"elementor-field-type-textarea elementor-field-group elementor-column elementor-field-group-message elementor-col-100 elementor-field-required elementor-mark-required\">\n\t\t\t\t\t\t\t\t\t\t\t\t<label for=\"form-field-message\" class=\"elementor-field-label\">\n\t\t\t\t\t\t\t\tQui \u00e9s el p\u00fablic potencial daquest projecte?\t\t\t\t\t\t\t<\/label>\n\t\t\t\t\t\t<textarea class=\"elementor-field-textual elementor-field  elementor-size-sm\" name=\"form_fields[message]\" id=\"form-field-message\" rows=\"5\" required=\"required\"><\/textarea>\t\t\t\t<\/div>\n\t\t\t\t\t\t\t\t<div class=\"elementor-field-type-checkbox elementor-field-group elementor-column elementor-field-group-objetivo elementor-col-100\">\n\t\t\t\t\t\t\t\t\t\t\t\t<label for=\"form-field-objetivo\" class=\"elementor-field-label\">\n\t\t\t\t\t\t\t\tQuin \u00e9s lobjectiu principal daquest projecte? * <span class=\"sp_inline\">Pots seleccionar diverses<\/span>  \t\t\t\t\t\t\t<\/label>\n\t\t\t\t\t\t<div class=\"elementor-field-subgroup  \"><span class=\"elementor-field-option\"><input type=\"checkbox\" value=\"Donar visibilitat a una causa\" id=\"form-field-objetivo-0\" name=\"form_fields[objetivo][]\"> <label for=\"form-field-objetivo-0\">Donar visibilitat a una causa<\/label><\/span><span class=\"elementor-field-option\"><input type=\"checkbox\" value=\" Comunicar els valors d&#039;una marca\" id=\"form-field-objetivo-1\" name=\"form_fields[objetivo][]\"> <label for=\"form-field-objetivo-1\"> Comunicar els valors d'una marca<\/label><\/span><span class=\"elementor-field-option\"><input type=\"checkbox\" value=\" Documentar un proc\u00e9s o activitat\" id=\"form-field-objetivo-2\" name=\"form_fields[objetivo][]\"> <label for=\"form-field-objetivo-2\"> Documentar un proc\u00e9s o activitat<\/label><\/span><span class=\"elementor-field-option\"><input type=\"checkbox\" value=\" Promocionar un producte o servei\" id=\"form-field-objetivo-3\" name=\"form_fields[objetivo][]\"> <label for=\"form-field-objetivo-3\"> Promocionar un producte o servei<\/label><\/span><span class=\"elementor-field-option\"><input type=\"checkbox\" value=\" Commemorar una hist\u00f2ria o aniversari\" id=\"form-field-objetivo-4\" name=\"form_fields[objetivo][]\"> <label for=\"form-field-objetivo-4\"> Commemorar una hist\u00f2ria o aniversari<\/label><\/span><span class=\"elementor-field-option\"><input type=\"checkbox\" value=\" Un altre\" id=\"form-field-objetivo-5\" name=\"form_fields[objetivo][]\"> <label for=\"form-field-objetivo-5\"> Un altre<\/label><\/span><\/div>\t\t\t\t<\/div>\n\t\t\t\t\t\t\t\t<div class=\"elementor-field-type-textarea elementor-field-group elementor-column elementor-field-group-field_e13c689 elementor-col-100 elementor-field-required elementor-mark-required\">\n\t\t\t\t\t<textarea class=\"elementor-field-textual elementor-field  elementor-size-sm\" name=\"form_fields[field_e13c689]\" id=\"form-field-field_e13c689\" rows=\"2\" placeholder=\"Especificar\" required=\"required\"><\/textarea>\t\t\t\t<\/div>\n\t\t\t\t\t\t\t\t<div class=\"elementor-field-type-textarea elementor-field-group elementor-column elementor-field-group-field_f481a2d elementor-col-100 elementor-field-required elementor-mark-required\">\n\t\t\t\t\t\t\t\t\t\t\t\t<label for=\"form-field-field_f481a2d\" class=\"elementor-field-label\">\n\t\t\t\t\t\t\t\tTens alguna idea, missatge o hist\u00f2ria concreta que ens vulguis compartir?\t\t\t\t\t\t\t<\/label>\n\t\t\t\t\t\t<textarea class=\"elementor-field-textual elementor-field  elementor-size-sm\" name=\"form_fields[field_f481a2d]\" id=\"form-field-field_f481a2d\" rows=\"5\" required=\"required\"><\/textarea>\t\t\t\t<\/div>\n\t\t\t\t\t\t\t\t<div class=\"elementor-field-type-acceptance elementor-field-group elementor-column elementor-field-group-legal_note elementor-col-100 elementor-field-required elementor-mark-required\">\n\t\t\t\t\t\t\t<div class=\"elementor-field-subgroup\">\n\t\t\t<span class=\"elementor-field-option\">\n\t\t\t\t<input type=\"checkbox\" name=\"form_fields[legal_note]\" id=\"form-field-legal_note\" class=\"elementor-field elementor-size-sm  elementor-acceptance-field\" required=\"required\">\n\t\t\t\t<label for=\"form-field-legal_note\">Informaci\u00f3 b\u00e0sica sobre el tractament de dades personals:\n<div>\n<b>Responsable:<\/b> L'OBRADOR DEL REAL SLU.\n<br><b>Finalitat:<\/b> respondre el teu comentari, dubte o sol\u00b7licitud d'informaci\u00f3 o pressupost.\n<br>Legitimaci\u00f3: el nostre inter\u00e8s leg\u00edtim per atendre la teva petici\u00f3 i l'aplicaci\u00f3 de mesures precontractuals. Si marqueu la casella relativa a la recepci\u00f3 de comunicacions comercials, la base jur\u00eddica del tractament ser\u00e0 el vostre consentiment. \n<br><b>Destinataris:<\/b> No se cediran dades a tercers excepte obligaci\u00f3 legal.\n<br><b>Durada:<\/b> durant 24 mesos des del teu darrer missatge, mentre duri la relaci\u00f3 comercial o, en tot cas, fins que sol\u00b7licitis que elimini les teves dades.\n<br><b>Drets:<\/b> acc\u00e9s, rectificaci\u00f3, supressi\u00f3, limitaci\u00f3 del tractament, oposici\u00f3, portabilitat, a no ser objecte de decisions individuals automatitzades sense el teu consentiment ia presentar una reclamaci\u00f3 davant d'una autoritat de control.  \n<br><b>Informaci\u00f3 addicional:<\/b> A la meva <a href=\"https:\/\/el-obrador.com\/politica-de-privacidad\/\" target=\"_blank\">Pol\u00edtica de Privadesa<\/a> trobar\u00e0s informaci\u00f3 addicional sobre la recopilaci\u00f3 i l'\u00fas de la teva informaci\u00f3 personal, aix\u00ed com dels drets que tens en relaci\u00f3 amb aquestes dades.\n<\/div><\/label>\t\t\t<\/span>\n\t\t<\/div>\n\t\t\t\t\t\t<\/div>\n\t\t\t\t\t\t\t\t<div class=\"elementor-field-group elementor-column elementor-field-type-submit elementor-col-100 e-form__buttons\">\n\t\t\t\t\t<button class=\"elementor-button elementor-size-sm\" type=\"submit\">\n\t\t\t\t\t\t<span class=\"elementor-button-content-wrapper\">\n\t\t\t\t\t\t\t\t\t\t\t\t\t\t\t\t\t\t\t\t\t\t<span class=\"elementor-button-text\">Enviar<\/span>\n\t\t\t\t\t\t\t\t\t\t\t\t\t<\/span>\n\t\t\t\t\t<\/button>\n\t\t\t\t<\/div>\n\t\t\t<\/div>\n\t\t<\/form>\n\t\t\t\t\t\t<\/div>\n\t\t\t\t<\/div>\n\t\t\t\t<\/div>\n\t\t\t\t<\/div>\n\t\t","protected":false},"excerpt":{"rendered":"<p>PRESSUPOST ONLINE Explica&#8217;ns sobre el teu projecte<\/p>\n","protected":false},"author":22,"featured_media":0,"parent":0,"menu_order":1,"comment_status":"closed","ping_status":"closed","template":"","meta":{"footnotes":""},"class_list":["post-2130","page","type-page","status-publish","hentry"],"_links":{"self":[{"href":"https:\/\/el-obrador.com\/ca\/wp-json\/wp\/v2\/pages\/2130","targetHints":{"allow":["GET"]}}],"collection":[{"href":"https:\/\/el-obrador.com\/ca\/wp-json\/wp\/v2\/pages"}],"about":[{"href":"https:\/\/el-obrador.com\/ca\/wp-json\/wp\/v2\/types\/page"}],"author":[{"embeddable":true,"href":"https:\/\/el-obrador.com\/ca\/wp-json\/wp\/v2\/users\/22"}],"replies":[{"embeddable":true,"href":"https:\/\/el-obrador.com\/ca\/wp-json\/wp\/v2\/comments?post=2130"}],"version-history":[{"count":0,"href":"https:\/\/el-obrador.com\/ca\/wp-json\/wp\/v2\/pages\/2130\/revisions"}],"wp:attachment":[{"href":"https:\/\/el-obrador.com\/ca\/wp-json\/wp\/v2\/media?parent=2130"}],"curies":[{"name":"wp","href":"https:\/\/api.w.org\/{rel}","templated":true}]}}