{"id":2120,"date":"2025-09-18T22:51:02","date_gmt":"2025-09-18T20:51:02","guid":{"rendered":"https:\/\/el-obrador.com\/servicios\/"},"modified":"2026-03-26T12:02:54","modified_gmt":"2026-03-26T10:02:54","slug":"serveis","status":"publish","type":"page","link":"https:\/\/el-obrador.com\/ca\/serveis\/","title":{"rendered":"Serveis"},"content":{"rendered":"\t\t<div data-elementor-type=\"wp-page\" data-elementor-id=\"2120\" class=\"elementor elementor-2120 elementor-207\" data-elementor-post-type=\"page\">\n\t\t\t\t<div class=\"elementor-element elementor-element-75e4f7f e-con-full animated-slow e-flex elementor-invisible e-con e-parent\" data-id=\"75e4f7f\" data-element_type=\"container\" data-e-type=\"container\" data-settings=\"{&quot;animation&quot;:&quot;fadeIn&quot;}\">\n\t\t<div class=\"elementor-element elementor-element-5e827df e-con-full e-flex e-con e-child\" data-id=\"5e827df\" data-element_type=\"container\" data-e-type=\"container\">\n\t\t\t\t<div class=\"elementor-element elementor-element-e83ae98 elementor-widget elementor-widget-heading\" data-id=\"e83ae98\" data-element_type=\"widget\" data-e-type=\"widget\" data-widget_type=\"heading.default\">\n\t\t\t\t\t<h1 class=\"elementor-heading-title elementor-size-default\">Serveis<\/h1>\t\t\t\t<\/div>\n\t\t\t\t<\/div>\n\t\t<div class=\"elementor-element elementor-element-871e306 e-con-full e-flex e-con e-child\" data-id=\"871e306\" data-element_type=\"container\" data-e-type=\"container\">\n\t\t\t\t<div class=\"elementor-element elementor-element-275a749 elementor-widget__width-initial elementor-widget elementor-widget-text-editor\" data-id=\"275a749\" data-element_type=\"widget\" data-e-type=\"widget\" data-widget_type=\"text-editor.default\">\n\t\t\t\t\t\t\t\t\t<p>A El Obrador del real fem servir el llenguatge documental per donar forma a projectes de comunicaci\u00f3 aut\u00e8ntics, sensibles i perdurables. Col\u00b7laborem amb marques, institucions i organitzacions que volen explicar hist\u00f2ries amb prop\u00f2sit.<\/p>\n<p>La nostra experi\u00e8ncia al cinema d&#8217;autor, televisi\u00f3 i narratives digitals ens permet oferir un ventall de serveis flexibles que van des de campanyes tradicionals fins a peces creatives per a plataformes i xarxes socials.<\/p>\t\t\t\t\t\t\t\t<\/div>\n\t\t\t\t<\/div>\n\t\t\t\t<\/div>\n\t\t<div class=\"elementor-element elementor-element-434f606 e-con-full e-flex elementor-invisible e-con e-parent\" data-id=\"434f606\" data-element_type=\"container\" data-e-type=\"container\" data-settings=\"{&quot;animation&quot;:&quot;fadeIn&quot;}\">\n\t\t\t\t<div class=\"elementor-element elementor-element-2ad9827 servicios_grid elementor-widget elementor-widget-jet-listing-grid\" data-id=\"2ad9827\" data-element_type=\"widget\" data-e-type=\"widget\" data-settings=\"{&quot;columns&quot;:&quot;2&quot;,&quot;columns_tablet&quot;:&quot;1&quot;,&quot;columns_mobile&quot;:&quot;1&quot;}\" data-widget_type=\"jet-listing-grid.default\">\n\t\t\t\t\t<div class=\"jet-listing-grid jet-listing-grid--lazy-load jet-listing jet-listing-grid-loading\" data-lazy-load=\"{&quot;offset&quot;:&quot;0px&quot;,&quot;post_id&quot;:2120,&quot;queried_id&quot;:&quot;2120|WP_Post&quot;}\"><div class=\"jet-listing-grid__loader\"><div class=\"jet-listing-grid__loader-spinner\"><\/div><\/div><\/div>\t\t\t\t<\/div>\n\t\t\t\t<\/div>\n\t\t\t\t<\/div>\n\t\t","protected":false},"excerpt":{"rendered":"<p>Serveis A El Obrador del real fem servir el llenguatge documental per donar forma a projectes de comunicaci\u00f3 aut\u00e8ntics, sensibles i perdurables. Col\u00b7laborem amb marques, institucions i organitzacions que volen explicar hist\u00f2ries amb prop\u00f2sit. La nostra experi\u00e8ncia al cinema d&#8217;autor, televisi\u00f3 i narratives digitals ens permet oferir un ventall de serveis flexibles que van des [&hellip;]<\/p>\n","protected":false},"author":22,"featured_media":0,"parent":0,"menu_order":10,"comment_status":"closed","ping_status":"closed","template":"","meta":{"footnotes":""},"class_list":["post-2120","page","type-page","status-publish","hentry"],"_links":{"self":[{"href":"https:\/\/el-obrador.com\/ca\/wp-json\/wp\/v2\/pages\/2120","targetHints":{"allow":["GET"]}}],"collection":[{"href":"https:\/\/el-obrador.com\/ca\/wp-json\/wp\/v2\/pages"}],"about":[{"href":"https:\/\/el-obrador.com\/ca\/wp-json\/wp\/v2\/types\/page"}],"author":[{"embeddable":true,"href":"https:\/\/el-obrador.com\/ca\/wp-json\/wp\/v2\/users\/22"}],"replies":[{"embeddable":true,"href":"https:\/\/el-obrador.com\/ca\/wp-json\/wp\/v2\/comments?post=2120"}],"version-history":[{"count":0,"href":"https:\/\/el-obrador.com\/ca\/wp-json\/wp\/v2\/pages\/2120\/revisions"}],"wp:attachment":[{"href":"https:\/\/el-obrador.com\/ca\/wp-json\/wp\/v2\/media?parent=2120"}],"curies":[{"name":"wp","href":"https:\/\/api.w.org\/{rel}","templated":true}]}}